{"id":13255,"date":"2021-09-01T11:49:28","date_gmt":"2021-09-01T11:49:28","guid":{"rendered":"https:\/\/ikonisch.pt\/produtos\/silla-filo-bene\/"},"modified":"2023-06-03T10:23:21","modified_gmt":"2023-06-03T10:23:21","slug":"silla-filo-bene","status":"publish","type":"product","link":"https:\/\/ikonisch.pt\/es\/produtos\/silla-filo-bene\/","title":{"rendered":"Silla Filo &#8211; Bene"},"content":{"rendered":"<p>Bene es una marca austriaca de muebles de oficina con una rica tradici\u00f3n de 230 a\u00f1os. Sin embargo, Bene es una marca que quiere mirar hacia el futuro, lo que hace que vea la oficina como un lugar en el que se vive y donde los productos y muebles sirven para hacerlo lo m\u00e1s c\u00f3modo posible. El objetivo es el \u00e9xito de los usuarios de Bene.<\/p>\n","protected":false},"excerpt":{"rendered":"<p>Silla de visitante giratoria, respaldo medio, con reposabrazos fijos. Asiento en cuero natural y respaldo en red \u00abmesh\u00bb. Estructura de aluminio cromado con base de cuatro radios con terminales deslizantes.<\/p>\n","protected":false},"featured_media":9946,"template":"","meta":{"_acf_changed":false,"inline_featured_image":false},"product_brand":[],"product_cat":[691],"product_tag":[721],"class_list":{"0":"post-13255","1":"product","2":"type-product","3":"status-publish","4":"has-post-thumbnail","6":"product_cat-oficina","7":"product_tag-bene-es","9":"first","10":"outofstock","11":"shipping-taxable","12":"purchasable","13":"product-type-simple"},"acf":[],"aioseo_notices":[],"_links":{"self":[{"href":"https:\/\/ikonisch.pt\/es\/wp-json\/wp\/v2\/product\/13255","targetHints":{"allow":["GET"]}}],"collection":[{"href":"https:\/\/ikonisch.pt\/es\/wp-json\/wp\/v2\/product"}],"about":[{"href":"https:\/\/ikonisch.pt\/es\/wp-json\/wp\/v2\/types\/product"}],"wp:featuredmedia":[{"embeddable":true,"href":"https:\/\/ikonisch.pt\/es\/wp-json\/wp\/v2\/media\/9946"}],"wp:attachment":[{"href":"https:\/\/ikonisch.pt\/es\/wp-json\/wp\/v2\/media?parent=13255"}],"wp:term":[{"taxonomy":"product_brand","embeddable":true,"href":"https:\/\/ikonisch.pt\/es\/wp-json\/wp\/v2\/product_brand?post=13255"},{"taxonomy":"product_cat","embeddable":true,"href":"https:\/\/ikonisch.pt\/es\/wp-json\/wp\/v2\/product_cat?post=13255"},{"taxonomy":"product_tag","embeddable":true,"href":"https:\/\/ikonisch.pt\/es\/wp-json\/wp\/v2\/product_tag?post=13255"}],"curies":[{"name":"wp","href":"https:\/\/api.w.org\/{rel}","templated":true}]}}