{"id":13256,"date":"2021-09-01T11:49:28","date_gmt":"2021-09-01T11:49:28","guid":{"rendered":"https:\/\/ikonisch.pt\/produtos\/13256\/"},"modified":"2023-06-03T10:38:33","modified_gmt":"2023-06-03T10:38:33","slug":"silla-visita-classic-sitland","status":"publish","type":"product","link":"https:\/\/ikonisch.pt\/es\/produtos\/silla-visita-classic-sitland\/","title":{"rendered":"Silla Visita Classic &#8211; Sitland"},"content":{"rendered":"<p>\u00abLa historia de Sitland se caracteriza por la pasi\u00f3n y el compromiso, la creatividad y la investigaci\u00f3n, el dise\u00f1o y la tecnolog\u00eda. Un equilibrio constante entre las necesidades individuales y la tecnolog\u00eda, donde el individuo es el origen y el objetivo de toda la creaci\u00f3n.<br \/>\nSitland fue fundada en 1977, a\u00f1o en el que comenz\u00f3 a fabricar tapicer\u00eda para asientos y cabinas de trenes en Italia.<br \/>\nEn 1987, Sitland se embarc\u00f3 en un nuevo camino en la industria de sillas de oficina, con un salto decisivo en 1996 cuando, con el lanzamiento de Ouverture, la empresa cambia de ritmo y encuentra una nueva energ\u00eda. As\u00ed se marc\u00f3 el inicio de una era de tecnolog\u00eda y dise\u00f1o combinados con ergonom\u00eda y est\u00e9tica, en la que Sitland juega un papel protagonista en el escenario internacional gracias a la calidad, investigaci\u00f3n e innovaci\u00f3n.\u00bb<\/p>\n","protected":false},"excerpt":{"rendered":"<p>Silla de visita, respaldo medio, con reposabrazos. Estructura tubular de acero cromado en voladizo, asiento y espaldo en cuero sint\u00e9tico original.<\/p>\n","protected":false},"featured_media":9938,"template":"","meta":{"_acf_changed":false,"inline_featured_image":false},"product_brand":[],"product_cat":[691],"product_tag":[830],"class_list":{"0":"post-13256","1":"product","2":"type-product","3":"status-publish","4":"has-post-thumbnail","6":"product_cat-oficina","7":"product_tag-sitland-es","9":"first","10":"outofstock","11":"shipping-taxable","12":"purchasable","13":"product-type-simple"},"acf":[],"aioseo_notices":[],"_links":{"self":[{"href":"https:\/\/ikonisch.pt\/es\/wp-json\/wp\/v2\/product\/13256","targetHints":{"allow":["GET"]}}],"collection":[{"href":"https:\/\/ikonisch.pt\/es\/wp-json\/wp\/v2\/product"}],"about":[{"href":"https:\/\/ikonisch.pt\/es\/wp-json\/wp\/v2\/types\/product"}],"wp:featuredmedia":[{"embeddable":true,"href":"https:\/\/ikonisch.pt\/es\/wp-json\/wp\/v2\/media\/9938"}],"wp:attachment":[{"href":"https:\/\/ikonisch.pt\/es\/wp-json\/wp\/v2\/media?parent=13256"}],"wp:term":[{"taxonomy":"product_brand","embeddable":true,"href":"https:\/\/ikonisch.pt\/es\/wp-json\/wp\/v2\/product_brand?post=13256"},{"taxonomy":"product_cat","embeddable":true,"href":"https:\/\/ikonisch.pt\/es\/wp-json\/wp\/v2\/product_cat?post=13256"},{"taxonomy":"product_tag","embeddable":true,"href":"https:\/\/ikonisch.pt\/es\/wp-json\/wp\/v2\/product_tag?post=13256"}],"curies":[{"name":"wp","href":"https:\/\/api.w.org\/{rel}","templated":true}]}}