{"id":13257,"date":"2021-09-01T11:49:12","date_gmt":"2021-09-01T11:49:12","guid":{"rendered":"https:\/\/ikonisch.pt\/produtos\/escritorio-abak-herman-miller\/"},"modified":"2024-12-19T14:45:50","modified_gmt":"2024-12-19T14:45:50","slug":"escritorio-abak-herman-miller","status":"publish","type":"product","link":"https:\/\/ikonisch.pt\/es\/produtos\/escritorio-abak-herman-miller\/","title":{"rendered":"Escritorio Abak &#8211; Herman Miller"},"content":{"rendered":"<p>Herman Miller es una empresa estadounidense que concentra sus actividades europeas en muebles de oficina. Es por ello m\u00e1s conocida por sus sillas de oficina con un confort incomparable y dise\u00f1o ergon\u00f3mico, como las sillas Aeron y Mirra. Con una amplia gama de productos, incluyendo mesas, sof\u00e1s y otros muebles de oficina, Herman Miller ocupa una posici\u00f3n \u00fanica entre los fabricantes de muebles por haber cultivado el talento de un gran n\u00famero de dise\u00f1adores modernistas, produciendo un n\u00famero significativo de piezas que hoy se consideran iconos del dise\u00f1o industrial.<\/p>\n","protected":false},"excerpt":{"rendered":"<p>Escritorio 1600&#215;800 con regulaci\u00f3n manual de altura. Estructura integral de aluminio y tapa de melamina imitando madera de nogal con dos pasacables.<\/p>\n","protected":false},"featured_media":10073,"template":"","meta":{"_acf_changed":false,"inline_featured_image":false},"product_brand":[],"product_cat":[691],"product_tag":[763,2242],"class_list":{"0":"post-13257","1":"product","2":"type-product","3":"status-publish","4":"has-post-thumbnail","6":"product_cat-oficina","7":"product_tag-herman-miller-es","8":"product_tag-tim-wallace-es","10":"first","11":"outofstock","12":"shipping-taxable","13":"purchasable","14":"product-type-simple"},"acf":[],"aioseo_notices":[],"_links":{"self":[{"href":"https:\/\/ikonisch.pt\/es\/wp-json\/wp\/v2\/product\/13257","targetHints":{"allow":["GET"]}}],"collection":[{"href":"https:\/\/ikonisch.pt\/es\/wp-json\/wp\/v2\/product"}],"about":[{"href":"https:\/\/ikonisch.pt\/es\/wp-json\/wp\/v2\/types\/product"}],"wp:featuredmedia":[{"embeddable":true,"href":"https:\/\/ikonisch.pt\/es\/wp-json\/wp\/v2\/media\/10073"}],"wp:attachment":[{"href":"https:\/\/ikonisch.pt\/es\/wp-json\/wp\/v2\/media?parent=13257"}],"wp:term":[{"taxonomy":"product_brand","embeddable":true,"href":"https:\/\/ikonisch.pt\/es\/wp-json\/wp\/v2\/product_brand?post=13257"},{"taxonomy":"product_cat","embeddable":true,"href":"https:\/\/ikonisch.pt\/es\/wp-json\/wp\/v2\/product_cat?post=13257"},{"taxonomy":"product_tag","embeddable":true,"href":"https:\/\/ikonisch.pt\/es\/wp-json\/wp\/v2\/product_tag?post=13257"}],"curies":[{"name":"wp","href":"https:\/\/api.w.org\/{rel}","templated":true}]}}