{"id":13261,"date":"2021-09-01T11:49:28","date_gmt":"2021-09-01T11:49:28","guid":{"rendered":"https:\/\/ikonisch.pt\/produtos\/escritorio-flipper-1600-unifor\/"},"modified":"2023-06-03T11:28:26","modified_gmt":"2023-06-03T11:28:26","slug":"escritorio-flipper-1600-unifor","status":"publish","type":"product","link":"https:\/\/ikonisch.pt\/es\/produtos\/escritorio-flipper-1600-unifor\/","title":{"rendered":"Escritorio Flipper 1600 &#8211; Unifor"},"content":{"rendered":"<p>Un mundo abierto al mundo. La combinaci\u00f3n de ideas y la producci\u00f3n de soluciones para el lugar de trabajo ha sido la vocaci\u00f3n e inspiraci\u00f3n de la Unifor desde 1969. M\u00e1s que una empresa, es un laboratorio de reflexi\u00f3n, transformando los deseos de arquitectos, clientes y dise\u00f1adores en realidad. Con sus muebles, Unifor da vida a museos, bibliotecas, bancos, empresas e instituciones de todo el mundo.<\/p>\n","protected":false},"excerpt":{"rendered":"<p>Escritorio 1600&#215;800 con pasacables frontal. Tapa en melamina en color blanco y cuatro pies en aluminio a imitar madera de nogal con niveladores.<\/p>\n","protected":false},"featured_media":10060,"template":"","meta":{"_acf_changed":false,"inline_featured_image":false},"product_brand":[],"product_cat":[691],"product_tag":[843],"class_list":{"0":"post-13261","1":"product","2":"type-product","3":"status-publish","4":"has-post-thumbnail","6":"product_cat-oficina","7":"product_tag-unifor-es","9":"first","10":"outofstock","11":"shipping-taxable","12":"purchasable","13":"product-type-simple"},"acf":[],"aioseo_notices":[],"_links":{"self":[{"href":"https:\/\/ikonisch.pt\/es\/wp-json\/wp\/v2\/product\/13261","targetHints":{"allow":["GET"]}}],"collection":[{"href":"https:\/\/ikonisch.pt\/es\/wp-json\/wp\/v2\/product"}],"about":[{"href":"https:\/\/ikonisch.pt\/es\/wp-json\/wp\/v2\/types\/product"}],"wp:featuredmedia":[{"embeddable":true,"href":"https:\/\/ikonisch.pt\/es\/wp-json\/wp\/v2\/media\/10060"}],"wp:attachment":[{"href":"https:\/\/ikonisch.pt\/es\/wp-json\/wp\/v2\/media?parent=13261"}],"wp:term":[{"taxonomy":"product_brand","embeddable":true,"href":"https:\/\/ikonisch.pt\/es\/wp-json\/wp\/v2\/product_brand?post=13261"},{"taxonomy":"product_cat","embeddable":true,"href":"https:\/\/ikonisch.pt\/es\/wp-json\/wp\/v2\/product_cat?post=13261"},{"taxonomy":"product_tag","embeddable":true,"href":"https:\/\/ikonisch.pt\/es\/wp-json\/wp\/v2\/product_tag?post=13261"}],"curies":[{"name":"wp","href":"https:\/\/api.w.org\/{rel}","templated":true}]}}