{"id":13263,"date":"2022-03-09T15:29:32","date_gmt":"2022-03-09T15:29:32","guid":{"rendered":"https:\/\/ikonisch.pt\/produtos\/silla-zas-dynamobel\/"},"modified":"2023-06-03T11:37:37","modified_gmt":"2023-06-03T11:37:37","slug":"silla-zas-dynamobel","status":"publish","type":"product","link":"https:\/\/ikonisch.pt\/es\/produtos\/silla-zas-dynamobel\/","title":{"rendered":"Silla Zas &#8211; Dynamobel"},"content":{"rendered":"","protected":false},"excerpt":{"rendered":"<p>Silla operativa giratoria y redonda de respaldo mediano con reposabrazos regulables en altura y amplitud. Asiento en tejido y respaldo en tela \u00abmesh\u00bb. Base de cinco radios y estructura trasera en aluminio pintado. Sistema de elevaci\u00f3n neum\u00e1tica, regulaci\u00f3n de asiento en profundidad y reclinaci\u00f3n del respaldo con memoria.<\/p>\n","protected":false},"featured_media":10419,"template":"","meta":{"_acf_changed":false,"inline_featured_image":false},"product_brand":[],"product_cat":[691],"product_tag":[744,1873],"class_list":{"0":"post-13263","1":"product","2":"type-product","3":"status-publish","4":"has-post-thumbnail","6":"product_cat-oficina","7":"product_tag-dynamobel-es","8":"product_tag-mario-ruiz-es","10":"first","11":"outofstock","12":"shipping-taxable","13":"purchasable","14":"product-type-simple"},"acf":[],"aioseo_notices":[],"_links":{"self":[{"href":"https:\/\/ikonisch.pt\/es\/wp-json\/wp\/v2\/product\/13263","targetHints":{"allow":["GET"]}}],"collection":[{"href":"https:\/\/ikonisch.pt\/es\/wp-json\/wp\/v2\/product"}],"about":[{"href":"https:\/\/ikonisch.pt\/es\/wp-json\/wp\/v2\/types\/product"}],"wp:featuredmedia":[{"embeddable":true,"href":"https:\/\/ikonisch.pt\/es\/wp-json\/wp\/v2\/media\/10419"}],"wp:attachment":[{"href":"https:\/\/ikonisch.pt\/es\/wp-json\/wp\/v2\/media?parent=13263"}],"wp:term":[{"taxonomy":"product_brand","embeddable":true,"href":"https:\/\/ikonisch.pt\/es\/wp-json\/wp\/v2\/product_brand?post=13263"},{"taxonomy":"product_cat","embeddable":true,"href":"https:\/\/ikonisch.pt\/es\/wp-json\/wp\/v2\/product_cat?post=13263"},{"taxonomy":"product_tag","embeddable":true,"href":"https:\/\/ikonisch.pt\/es\/wp-json\/wp\/v2\/product_tag?post=13263"}],"curies":[{"name":"wp","href":"https:\/\/api.w.org\/{rel}","templated":true}]}}