{"id":13264,"date":"2022-05-31T14:21:07","date_gmt":"2022-05-31T14:21:07","guid":{"rendered":"https:\/\/ikonisch.pt\/produtos\/silla-operativa-meda-2-vitra\/"},"modified":"2023-06-03T11:40:52","modified_gmt":"2023-06-03T11:40:52","slug":"silla-operativa-meda-2-vitra","status":"publish","type":"product","link":"https:\/\/ikonisch.pt\/es\/produtos\/silla-operativa-meda-2-vitra\/","title":{"rendered":"Silla Operativa Meda 2 &#8211; Vitra"},"content":{"rendered":"","protected":false},"excerpt":{"rendered":"<p>Silla operativa giratoria y redonda de respaldo alto. Asiento en tela y respaldo en tela \u00abmesh\u00bb. Base de cinco radios en pl\u00e1stico y sistema de elevaci\u00f3n neum\u00e1tica. Regulaci\u00f3n del asiento en profundidad y reclinaci\u00f3n del respaldo con palanca de presi\u00f3n. Reposabrazos regulables en altura.<\/p>\n","protected":false},"featured_media":10620,"template":"","meta":{"_acf_changed":false,"inline_featured_image":false},"product_brand":[],"product_cat":[691],"product_tag":[1230,848],"class_list":{"0":"post-13264","1":"product","2":"type-product","3":"status-publish","4":"has-post-thumbnail","6":"product_cat-oficina","7":"product_tag-alberto-meda-es","8":"product_tag-vitra-es","10":"first","11":"outofstock","12":"shipping-taxable","13":"purchasable","14":"product-type-simple"},"acf":[],"aioseo_notices":[],"_links":{"self":[{"href":"https:\/\/ikonisch.pt\/es\/wp-json\/wp\/v2\/product\/13264","targetHints":{"allow":["GET"]}}],"collection":[{"href":"https:\/\/ikonisch.pt\/es\/wp-json\/wp\/v2\/product"}],"about":[{"href":"https:\/\/ikonisch.pt\/es\/wp-json\/wp\/v2\/types\/product"}],"wp:featuredmedia":[{"embeddable":true,"href":"https:\/\/ikonisch.pt\/es\/wp-json\/wp\/v2\/media\/10620"}],"wp:attachment":[{"href":"https:\/\/ikonisch.pt\/es\/wp-json\/wp\/v2\/media?parent=13264"}],"wp:term":[{"taxonomy":"product_brand","embeddable":true,"href":"https:\/\/ikonisch.pt\/es\/wp-json\/wp\/v2\/product_brand?post=13264"},{"taxonomy":"product_cat","embeddable":true,"href":"https:\/\/ikonisch.pt\/es\/wp-json\/wp\/v2\/product_cat?post=13264"},{"taxonomy":"product_tag","embeddable":true,"href":"https:\/\/ikonisch.pt\/es\/wp-json\/wp\/v2\/product_tag?post=13264"}],"curies":[{"name":"wp","href":"https:\/\/api.w.org\/{rel}","templated":true}]}}