{"id":13265,"date":"2021-09-01T11:49:28","date_gmt":"2021-09-01T11:49:28","guid":{"rendered":"https:\/\/ikonisch.pt\/produtos\/silla-esencia-drabert\/"},"modified":"2023-06-03T11:44:11","modified_gmt":"2023-06-03T11:44:11","slug":"silla-esencia-drabert","status":"publish","type":"product","link":"https:\/\/ikonisch.pt\/es\/produtos\/silla-esencia-drabert\/","title":{"rendered":"Silla Esencia &#8211; Drabert"},"content":{"rendered":"<p>Drabert es una marca de sillones, rica en historia y experiencia, destacada por su ergonom\u00eda simplificada e innovaci\u00f3n. Las sillas Drabert son una de las piezas notorias de la marca y proporcionan una sensaci\u00f3n de sencillez y confort con una apariencia simplemente excelente.<\/p>\n","protected":false},"excerpt":{"rendered":"<p>Silla operativa, respaldo medio, con reposabrazos regulables. Respaldo en tela \u00abmesh\u00bb flexible y asiento en cuero sint\u00e9tico. Estructura en PP con base de cinco radios.<\/p>\n","protected":false},"featured_media":9867,"template":"","meta":{"_acf_changed":false,"inline_featured_image":false},"product_brand":[],"product_cat":[691],"product_tag":[742],"class_list":{"0":"post-13265","1":"product","2":"type-product","3":"status-publish","4":"has-post-thumbnail","6":"product_cat-oficina","7":"product_tag-drabert-es","9":"first","10":"outofstock","11":"shipping-taxable","12":"purchasable","13":"product-type-simple"},"acf":[],"aioseo_notices":[],"_links":{"self":[{"href":"https:\/\/ikonisch.pt\/es\/wp-json\/wp\/v2\/product\/13265","targetHints":{"allow":["GET"]}}],"collection":[{"href":"https:\/\/ikonisch.pt\/es\/wp-json\/wp\/v2\/product"}],"about":[{"href":"https:\/\/ikonisch.pt\/es\/wp-json\/wp\/v2\/types\/product"}],"wp:featuredmedia":[{"embeddable":true,"href":"https:\/\/ikonisch.pt\/es\/wp-json\/wp\/v2\/media\/9867"}],"wp:attachment":[{"href":"https:\/\/ikonisch.pt\/es\/wp-json\/wp\/v2\/media?parent=13265"}],"wp:term":[{"taxonomy":"product_brand","embeddable":true,"href":"https:\/\/ikonisch.pt\/es\/wp-json\/wp\/v2\/product_brand?post=13265"},{"taxonomy":"product_cat","embeddable":true,"href":"https:\/\/ikonisch.pt\/es\/wp-json\/wp\/v2\/product_cat?post=13265"},{"taxonomy":"product_tag","embeddable":true,"href":"https:\/\/ikonisch.pt\/es\/wp-json\/wp\/v2\/product_tag?post=13265"}],"curies":[{"name":"wp","href":"https:\/\/api.w.org\/{rel}","templated":true}]}}