{"id":13266,"date":"2021-09-01T11:49:28","date_gmt":"2021-09-01T11:49:28","guid":{"rendered":"https:\/\/ikonisch.pt\/produtos\/silla-g64-giroflex\/"},"modified":"2023-06-03T11:47:31","modified_gmt":"2023-06-03T11:47:31","slug":"silla-g64-giroflex","status":"publish","type":"product","link":"https:\/\/ikonisch.pt\/es\/produtos\/silla-g64-giroflex\/","title":{"rendered":"Silla G64 &#8211; Giroflex"},"content":{"rendered":"<p>Las sillas son nuestra pasi\u00f3n. Sillas que satisfacen las necesidades de la anatom\u00eda humana. Sillas de oficina que permiten y apoyan un asiento sano, din\u00e1mico, m\u00f3vil y activo. Ya sean sillas giratorias, sillas de conferencia, sillas para visitantes u otros tipos de asientos. Este ha sido el foco de nuestra energ\u00eda y habilidad desde 1872. Con \u00e9xito mundial.<\/p>\n","protected":false},"excerpt":{"rendered":"<p>Silla redonda, respaldo medio, con reposabrazos ajustables. Asiento y respaldo en espuma moldeada con revestimiento de tela original. Estructura en aluminio pintado y base de cinco radios.<\/p>\n","protected":false},"featured_media":10141,"template":"","meta":{"_acf_changed":false,"inline_featured_image":false},"product_brand":[],"product_cat":[691],"product_tag":[759],"class_list":{"0":"post-13266","1":"product","2":"type-product","3":"status-publish","4":"has-post-thumbnail","6":"product_cat-oficina","7":"product_tag-giroflex-es","9":"first","10":"outofstock","11":"shipping-taxable","12":"purchasable","13":"product-type-simple"},"acf":[],"aioseo_notices":[],"_links":{"self":[{"href":"https:\/\/ikonisch.pt\/es\/wp-json\/wp\/v2\/product\/13266","targetHints":{"allow":["GET"]}}],"collection":[{"href":"https:\/\/ikonisch.pt\/es\/wp-json\/wp\/v2\/product"}],"about":[{"href":"https:\/\/ikonisch.pt\/es\/wp-json\/wp\/v2\/types\/product"}],"wp:featuredmedia":[{"embeddable":true,"href":"https:\/\/ikonisch.pt\/es\/wp-json\/wp\/v2\/media\/10141"}],"wp:attachment":[{"href":"https:\/\/ikonisch.pt\/es\/wp-json\/wp\/v2\/media?parent=13266"}],"wp:term":[{"taxonomy":"product_brand","embeddable":true,"href":"https:\/\/ikonisch.pt\/es\/wp-json\/wp\/v2\/product_brand?post=13266"},{"taxonomy":"product_cat","embeddable":true,"href":"https:\/\/ikonisch.pt\/es\/wp-json\/wp\/v2\/product_cat?post=13266"},{"taxonomy":"product_tag","embeddable":true,"href":"https:\/\/ikonisch.pt\/es\/wp-json\/wp\/v2\/product_tag?post=13266"}],"curies":[{"name":"wp","href":"https:\/\/api.w.org\/{rel}","templated":true}]}}