{"id":13271,"date":"2021-09-01T11:49:12","date_gmt":"2021-09-01T11:49:12","guid":{"rendered":"https:\/\/ikonisch.pt\/produtos\/silla-operativa-h05\/"},"modified":"2023-06-04T09:29:09","modified_gmt":"2023-06-04T09:29:09","slug":"silla-operativa-h05","status":"publish","type":"product","link":"https:\/\/ikonisch.pt\/es\/produtos\/silla-operativa-h05\/","title":{"rendered":"Silla Operativa H05"},"content":{"rendered":"<p>La vida es movimiento. El movimiento es una caracter\u00edstica b\u00e1sica de toda la vida. El movimiento nutre el cuerpo, activ\u00e1ndolo y fortaleci\u00e9ndolo, por dentro y por fuera. H\u00c5G comprende el arte de crear movimiento al sentarse. Las sillas unifican la forma y la funci\u00f3n en un dise\u00f1o integral que estimula los movimientos naturales del cuerpo, con un efecto edificante en el alma y los sentidos.<\/p>\n","protected":false},"excerpt":{"rendered":"<p>Silla operativa, respaldo medio, con reposabrazos regulables en altura y anchura. Asiento y respaldo en espuma moldeada en fr\u00edo con revestimiento de tela original, respaldo lumbar regulable. Base de cinco radios de aluminio.<\/p>\n","protected":false},"featured_media":9639,"template":"","meta":{"_acf_changed":false,"inline_featured_image":false},"product_brand":[],"product_cat":[691],"product_tag":[767],"class_list":{"0":"post-13271","1":"product","2":"type-product","3":"status-publish","4":"has-post-thumbnail","6":"product_cat-oficina","7":"product_tag-hag-es","9":"first","10":"outofstock","11":"shipping-taxable","12":"purchasable","13":"product-type-simple"},"acf":[],"aioseo_notices":[],"_links":{"self":[{"href":"https:\/\/ikonisch.pt\/es\/wp-json\/wp\/v2\/product\/13271","targetHints":{"allow":["GET"]}}],"collection":[{"href":"https:\/\/ikonisch.pt\/es\/wp-json\/wp\/v2\/product"}],"about":[{"href":"https:\/\/ikonisch.pt\/es\/wp-json\/wp\/v2\/types\/product"}],"wp:featuredmedia":[{"embeddable":true,"href":"https:\/\/ikonisch.pt\/es\/wp-json\/wp\/v2\/media\/9639"}],"wp:attachment":[{"href":"https:\/\/ikonisch.pt\/es\/wp-json\/wp\/v2\/media?parent=13271"}],"wp:term":[{"taxonomy":"product_brand","embeddable":true,"href":"https:\/\/ikonisch.pt\/es\/wp-json\/wp\/v2\/product_brand?post=13271"},{"taxonomy":"product_cat","embeddable":true,"href":"https:\/\/ikonisch.pt\/es\/wp-json\/wp\/v2\/product_cat?post=13271"},{"taxonomy":"product_tag","embeddable":true,"href":"https:\/\/ikonisch.pt\/es\/wp-json\/wp\/v2\/product_tag?post=13271"}],"curies":[{"name":"wp","href":"https:\/\/api.w.org\/{rel}","templated":true}]}}