{"id":13275,"date":"2021-09-01T11:49:28","date_gmt":"2021-09-01T11:49:28","guid":{"rendered":"https:\/\/ikonisch.pt\/produtos\/silla-generation-knoll\/"},"modified":"2024-12-19T14:41:52","modified_gmt":"2024-12-19T14:41:52","slug":"silla-generation-knoll","status":"publish","type":"product","link":"https:\/\/ikonisch.pt\/es\/produtos\/silla-generation-knoll\/","title":{"rendered":"Silla Generation &#8211; Knoll"},"content":{"rendered":"<p>Desde 1938, Knoll ha construido una excelente reputaci\u00f3n basada en sus muebles para el hogar y la oficina. La empresa fue fundada por Hans y Florence Knoll, quienes se esforzaron por crear nuevos dise\u00f1os a la vez que se mantuvieron fieles a la filosof\u00eda Bauhaus de que los muebles modernos deber\u00edan complementar y no entrar en conflicto con el espacio arquitect\u00f3nico. Knoll basa sus proyectos en la interacci\u00f3n de las personas con el medio ambiente, con \u00e9nfasis en el dise\u00f1o moderno y duradero. Esto dio como resultado una cartera de productos exclusivos.<\/p>\n","protected":false},"excerpt":{"rendered":"<p>Silla operativa, respaldo medio, con reposabrazos regulables. Respaldo en PP flexible y asiento en tejido original. Estructura de aluminio con base de cinco radios.<\/p>\n","protected":false},"featured_media":9873,"template":"","meta":{"_acf_changed":false,"inline_featured_image":false},"product_brand":[],"product_cat":[691],"product_tag":[2237,779],"class_list":{"0":"post-13275","1":"product","2":"type-product","3":"status-publish","4":"has-post-thumbnail","6":"product_cat-oficina","7":"product_tag-formway-design-es","8":"product_tag-knoll-es","10":"first","11":"outofstock","12":"shipping-taxable","13":"purchasable","14":"product-type-simple"},"acf":[],"aioseo_notices":[],"_links":{"self":[{"href":"https:\/\/ikonisch.pt\/es\/wp-json\/wp\/v2\/product\/13275","targetHints":{"allow":["GET"]}}],"collection":[{"href":"https:\/\/ikonisch.pt\/es\/wp-json\/wp\/v2\/product"}],"about":[{"href":"https:\/\/ikonisch.pt\/es\/wp-json\/wp\/v2\/types\/product"}],"wp:featuredmedia":[{"embeddable":true,"href":"https:\/\/ikonisch.pt\/es\/wp-json\/wp\/v2\/media\/9873"}],"wp:attachment":[{"href":"https:\/\/ikonisch.pt\/es\/wp-json\/wp\/v2\/media?parent=13275"}],"wp:term":[{"taxonomy":"product_brand","embeddable":true,"href":"https:\/\/ikonisch.pt\/es\/wp-json\/wp\/v2\/product_brand?post=13275"},{"taxonomy":"product_cat","embeddable":true,"href":"https:\/\/ikonisch.pt\/es\/wp-json\/wp\/v2\/product_cat?post=13275"},{"taxonomy":"product_tag","embeddable":true,"href":"https:\/\/ikonisch.pt\/es\/wp-json\/wp\/v2\/product_tag?post=13275"}],"curies":[{"name":"wp","href":"https:\/\/api.w.org\/{rel}","templated":true}]}}