{"id":13277,"date":"2021-09-01T11:49:12","date_gmt":"2021-09-01T11:49:12","guid":{"rendered":"https:\/\/ikonisch.pt\/produtos\/silla-operativa-mod-sofi-da-hag\/"},"modified":"2023-06-04T10:03:35","modified_gmt":"2023-06-04T10:03:35","slug":"silla-operativa-mod-sofi-da-hag","status":"publish","type":"product","link":"https:\/\/ikonisch.pt\/es\/produtos\/silla-operativa-mod-sofi-da-hag\/","title":{"rendered":"Silla Operativa mod. Sofi da HAG"},"content":{"rendered":"<p>La vida es movimiento. El movimiento es una caracter\u00edstica b\u00e1sica de toda la vida. El movimiento nutre el cuerpo, activ\u00e1ndolo y fortaleci\u00e9ndolo, por dentro y por fuera. H\u00c5G comprende el arte de crear movimiento en el acto de sentarse. Las sillas unifican la forma y la funci\u00f3n en un dise\u00f1o integral que estimula los movimientos naturales del cuerpo, con un efecto edificante en el alma y los sentidos.<\/p>\n","protected":false},"excerpt":{"rendered":"<p>Silla operativa, respaldo medio, con reposabrazos regulables en altura y anchura. Asiento de espuma moldeada en fr\u00edo con revestimiento de tela original, respaldo de tela \u00abmesh\u00bb con soporte lumbar regulable. Base de cinco radios en aluminio.<\/p>\n","protected":false},"featured_media":9906,"template":"","meta":{"_acf_changed":false,"inline_featured_image":false},"product_brand":[],"product_cat":[691],"product_tag":[767],"class_list":{"0":"post-13277","1":"product","2":"type-product","3":"status-publish","4":"has-post-thumbnail","6":"product_cat-oficina","7":"product_tag-hag-es","9":"first","10":"outofstock","11":"shipping-taxable","12":"purchasable","13":"product-type-simple"},"acf":[],"aioseo_notices":[],"_links":{"self":[{"href":"https:\/\/ikonisch.pt\/es\/wp-json\/wp\/v2\/product\/13277","targetHints":{"allow":["GET"]}}],"collection":[{"href":"https:\/\/ikonisch.pt\/es\/wp-json\/wp\/v2\/product"}],"about":[{"href":"https:\/\/ikonisch.pt\/es\/wp-json\/wp\/v2\/types\/product"}],"wp:featuredmedia":[{"embeddable":true,"href":"https:\/\/ikonisch.pt\/es\/wp-json\/wp\/v2\/media\/9906"}],"wp:attachment":[{"href":"https:\/\/ikonisch.pt\/es\/wp-json\/wp\/v2\/media?parent=13277"}],"wp:term":[{"taxonomy":"product_brand","embeddable":true,"href":"https:\/\/ikonisch.pt\/es\/wp-json\/wp\/v2\/product_brand?post=13277"},{"taxonomy":"product_cat","embeddable":true,"href":"https:\/\/ikonisch.pt\/es\/wp-json\/wp\/v2\/product_cat?post=13277"},{"taxonomy":"product_tag","embeddable":true,"href":"https:\/\/ikonisch.pt\/es\/wp-json\/wp\/v2\/product_tag?post=13277"}],"curies":[{"name":"wp","href":"https:\/\/api.w.org\/{rel}","templated":true}]}}