{"id":13278,"date":"2022-01-21T13:00:15","date_gmt":"2022-01-21T13:00:15","guid":{"rendered":"https:\/\/ikonisch.pt\/produtos\/silla-operativa-axess-vitra\/"},"modified":"2023-06-04T10:08:05","modified_gmt":"2023-06-04T10:08:05","slug":"silla-operativa-axess-vitra","status":"publish","type":"product","link":"https:\/\/ikonisch.pt\/es\/produtos\/silla-operativa-axess-vitra\/","title":{"rendered":"Silla Operativa Axess &#8211; Vitra"},"content":{"rendered":"","protected":false},"excerpt":{"rendered":"<p>Dise\u00f1ado por Antonio Citterio para la Vitra, el Axess es una silla giratoria y redonda de respaldo medio y reposabrazos fijos. Asiento y respaldo recubiertos de tejido vonel negro. Base de aluminio pulido. Sistema de reclinaci\u00f3n con memoria y elevaci\u00f3n neum\u00e1tica.<\/p>\n","protected":false},"featured_media":10237,"template":"","meta":{"_acf_changed":false,"inline_featured_image":false},"product_brand":[],"product_cat":[691],"product_tag":[709,848],"class_list":{"0":"post-13278","1":"product","2":"type-product","3":"status-publish","4":"has-post-thumbnail","6":"product_cat-oficina","7":"product_tag-antonio-citterio-es","8":"product_tag-vitra-es","10":"first","11":"outofstock","12":"shipping-taxable","13":"purchasable","14":"product-type-simple"},"acf":[],"aioseo_notices":[],"_links":{"self":[{"href":"https:\/\/ikonisch.pt\/es\/wp-json\/wp\/v2\/product\/13278","targetHints":{"allow":["GET"]}}],"collection":[{"href":"https:\/\/ikonisch.pt\/es\/wp-json\/wp\/v2\/product"}],"about":[{"href":"https:\/\/ikonisch.pt\/es\/wp-json\/wp\/v2\/types\/product"}],"wp:featuredmedia":[{"embeddable":true,"href":"https:\/\/ikonisch.pt\/es\/wp-json\/wp\/v2\/media\/10237"}],"wp:attachment":[{"href":"https:\/\/ikonisch.pt\/es\/wp-json\/wp\/v2\/media?parent=13278"}],"wp:term":[{"taxonomy":"product_brand","embeddable":true,"href":"https:\/\/ikonisch.pt\/es\/wp-json\/wp\/v2\/product_brand?post=13278"},{"taxonomy":"product_cat","embeddable":true,"href":"https:\/\/ikonisch.pt\/es\/wp-json\/wp\/v2\/product_cat?post=13278"},{"taxonomy":"product_tag","embeddable":true,"href":"https:\/\/ikonisch.pt\/es\/wp-json\/wp\/v2\/product_tag?post=13278"}],"curies":[{"name":"wp","href":"https:\/\/api.w.org\/{rel}","templated":true}]}}