{"id":13279,"date":"2021-09-01T11:49:28","date_gmt":"2021-09-01T11:49:28","guid":{"rendered":"https:\/\/ikonisch.pt\/produtos\/silla-direccion-freedom-humanscale\/"},"modified":"2025-11-25T11:13:22","modified_gmt":"2025-11-25T11:13:22","slug":"silla-direccion-freedom-humanscale","status":"publish","type":"product","link":"https:\/\/ikonisch.pt\/es\/produtos\/silla-direccion-freedom-humanscale\/","title":{"rendered":"Silla Direcci\u00f3n Freedom &#8211; Humanscale"},"content":{"rendered":"<p>Dise\u00f1ados con prop\u00f3sito y funci\u00f3n en mente, solo encontrar\u00e1 los mecanismos y caracter\u00edsticas de confort m\u00e1s avanzados de Humanscale. Para un ajuste personalizado y niveles excepcionales de confort, Humanscale elimina la construcci\u00f3n compleja y las adaptaciones innecesarias, centr\u00e1ndose en formas de asiento innovadoras para un mejor soporte, facilidad de movimiento y postura. Tenemos en stock algunos de los modelos de silla de oficina Humanscale m\u00e1s populares. Obtenga un alto nivel de confort y acabados ejecutivos con la legendaria Freedom Chair, o opte por soluciones de asientos contempor\u00e1neas, ideales para cualquier oficina con las sillas Humanscale Smart, Liberty y Diffrient.<\/p>\n","protected":false},"excerpt":{"rendered":"<p>Silla direccional, respaldo alto, con reposacabezas, reposabrazos regulables en altura. Asiento y respaldo en espuma moldeada con revestimiento de tejido. Estructura de aluminio con base de cinco radios.<\/p>\n","protected":false},"featured_media":31547,"template":"","meta":{"_acf_changed":false,"inline_featured_image":false},"product_brand":[],"product_cat":[691],"product_tag":[766],"class_list":{"0":"post-13279","1":"product","2":"type-product","3":"status-publish","4":"has-post-thumbnail","6":"product_cat-oficina","7":"product_tag-humanscale-es","9":"first","10":"outofstock","11":"shipping-taxable","12":"purchasable","13":"product-type-simple"},"acf":[],"aioseo_notices":[],"_links":{"self":[{"href":"https:\/\/ikonisch.pt\/es\/wp-json\/wp\/v2\/product\/13279","targetHints":{"allow":["GET"]}}],"collection":[{"href":"https:\/\/ikonisch.pt\/es\/wp-json\/wp\/v2\/product"}],"about":[{"href":"https:\/\/ikonisch.pt\/es\/wp-json\/wp\/v2\/types\/product"}],"wp:featuredmedia":[{"embeddable":true,"href":"https:\/\/ikonisch.pt\/es\/wp-json\/wp\/v2\/media\/31547"}],"wp:attachment":[{"href":"https:\/\/ikonisch.pt\/es\/wp-json\/wp\/v2\/media?parent=13279"}],"wp:term":[{"taxonomy":"product_brand","embeddable":true,"href":"https:\/\/ikonisch.pt\/es\/wp-json\/wp\/v2\/product_brand?post=13279"},{"taxonomy":"product_cat","embeddable":true,"href":"https:\/\/ikonisch.pt\/es\/wp-json\/wp\/v2\/product_cat?post=13279"},{"taxonomy":"product_tag","embeddable":true,"href":"https:\/\/ikonisch.pt\/es\/wp-json\/wp\/v2\/product_tag?post=13279"}],"curies":[{"name":"wp","href":"https:\/\/api.w.org\/{rel}","templated":true}]}}