{"id":13280,"date":"2022-08-29T14:37:07","date_gmt":"2022-08-29T14:37:07","guid":{"rendered":"https:\/\/ikonisch.pt\/produtos\/silla-operativa-chadwick-knoll\/"},"modified":"2023-06-04T18:58:03","modified_gmt":"2023-06-04T18:58:03","slug":"silla-operativa-chadwick-knoll","status":"publish","type":"product","link":"https:\/\/ikonisch.pt\/es\/produtos\/silla-operativa-chadwick-knoll\/","title":{"rendered":"Silla Operativa Chadwick &#8211; Knoll"},"content":{"rendered":"","protected":false},"excerpt":{"rendered":"<p>Dise\u00f1ado por Don Chadwick para Knoll, este modelo destaca por la optimizaci\u00f3n de la simplicidad. Es una silla operativa giratoria y redonda de respaldo mediano. Asiento y respaldo en tejido \u00abmesh\u00bb. Base de cinco radios y estructura en propileno. Sistema de elevaci\u00f3n neum\u00e1tica, reclinaci\u00f3n de respaldo con ajuste de presi\u00f3n y palanca de parada.<\/p>\n","protected":false},"featured_media":10809,"template":"","meta":{"_acf_changed":false,"inline_featured_image":false},"product_brand":[],"product_cat":[691],"product_tag":[741,779],"class_list":{"0":"post-13280","1":"product","2":"type-product","3":"status-publish","4":"has-post-thumbnail","6":"product_cat-oficina","7":"product_tag-don-chadwick-es","8":"product_tag-knoll-es","10":"first","11":"outofstock","12":"shipping-taxable","13":"purchasable","14":"product-type-simple"},"acf":[],"aioseo_notices":[],"_links":{"self":[{"href":"https:\/\/ikonisch.pt\/es\/wp-json\/wp\/v2\/product\/13280","targetHints":{"allow":["GET"]}}],"collection":[{"href":"https:\/\/ikonisch.pt\/es\/wp-json\/wp\/v2\/product"}],"about":[{"href":"https:\/\/ikonisch.pt\/es\/wp-json\/wp\/v2\/types\/product"}],"wp:featuredmedia":[{"embeddable":true,"href":"https:\/\/ikonisch.pt\/es\/wp-json\/wp\/v2\/media\/10809"}],"wp:attachment":[{"href":"https:\/\/ikonisch.pt\/es\/wp-json\/wp\/v2\/media?parent=13280"}],"wp:term":[{"taxonomy":"product_brand","embeddable":true,"href":"https:\/\/ikonisch.pt\/es\/wp-json\/wp\/v2\/product_brand?post=13280"},{"taxonomy":"product_cat","embeddable":true,"href":"https:\/\/ikonisch.pt\/es\/wp-json\/wp\/v2\/product_cat?post=13280"},{"taxonomy":"product_tag","embeddable":true,"href":"https:\/\/ikonisch.pt\/es\/wp-json\/wp\/v2\/product_tag?post=13280"}],"curies":[{"name":"wp","href":"https:\/\/api.w.org\/{rel}","templated":true}]}}