{"id":13326,"date":"2023-06-14T13:00:31","date_gmt":"2023-06-07T09:17:31","guid":{"rendered":"https:\/\/ikonisch.pt\/?post_type=product&#038;p=13326"},"modified":"2023-06-14T15:04:08","modified_gmt":"2023-06-14T15:04:08","slug":"silla-174-7-on-wilkhahn","status":"publish","type":"product","link":"https:\/\/ikonisch.pt\/es\/produtos\/silla-174-7-on-wilkhahn\/","title":{"rendered":"Silla 174\/7 ON &#8211; Wilkhahn"},"content":{"rendered":"<p>Wilkhahn se especializa en muebles y sillas de oficina din\u00e1micos y de alta calidad. Mejorar el valor \u00fatil, el dise\u00f1o de larga duraci\u00f3n y la longevidad son sus principales objetivos. Los productos Wilkhahn se compran no solo para su uso actual, sino tambi\u00e9n para el futuro. Debido a esta filosof\u00eda y enfoque, Wilkhahn es una opci\u00f3n ecol\u00f3gica y sostenible. Wilkhahn ha ganado el Premio Alem\u00e1n del Medio Ambiente y ha desarrollado pr\u00e1cticas de responsabilidad ambiental durante m\u00e1s de 20 a\u00f1os.<\/p>\n","protected":false},"excerpt":{"rendered":"<p>La silla giratoria de oficina 174\/7 ON de Wilkhahn es una silla de oficina c\u00f3moda cuya silueta esbelta no solo es extremadamente elegante, sino que tambi\u00e9n cumple con un concepto ergon\u00f3mico incomparable: su suspensi\u00f3n Trimension\u00ae no solo fomenta los movimientos hacia adelante, hacia atr\u00e1s y hacia los lados, sino tambi\u00e9n la rotaci\u00f3n de la pelvis, que es particularmente importante para estabilizar la columna vertebral y reducir el riesgo de dolor de espalda. En el centro del mecanismo de la silla giratoria est\u00e1n los dos brazos giratorios, que se mueven independientemente uno del otro como muslos. Esto efectivamente evita el dolor de espalda, estimula el metabolismo y estimula los m\u00fasculos y las articulaciones.<\/p>\n","protected":false},"featured_media":15251,"template":"","meta":{"_acf_changed":false,"inline_featured_image":false},"product_brand":[],"product_cat":[691],"product_tag":[850],"class_list":{"0":"post-13326","1":"product","2":"type-product","3":"status-publish","4":"has-post-thumbnail","6":"product_cat-oficina","7":"product_tag-wilkhahn-es","9":"first","10":"outofstock","11":"shipping-taxable","12":"purchasable","13":"product-type-simple"},"acf":[],"aioseo_notices":[],"_links":{"self":[{"href":"https:\/\/ikonisch.pt\/es\/wp-json\/wp\/v2\/product\/13326","targetHints":{"allow":["GET"]}}],"collection":[{"href":"https:\/\/ikonisch.pt\/es\/wp-json\/wp\/v2\/product"}],"about":[{"href":"https:\/\/ikonisch.pt\/es\/wp-json\/wp\/v2\/types\/product"}],"wp:featuredmedia":[{"embeddable":true,"href":"https:\/\/ikonisch.pt\/es\/wp-json\/wp\/v2\/media\/15251"}],"wp:attachment":[{"href":"https:\/\/ikonisch.pt\/es\/wp-json\/wp\/v2\/media?parent=13326"}],"wp:term":[{"taxonomy":"product_brand","embeddable":true,"href":"https:\/\/ikonisch.pt\/es\/wp-json\/wp\/v2\/product_brand?post=13326"},{"taxonomy":"product_cat","embeddable":true,"href":"https:\/\/ikonisch.pt\/es\/wp-json\/wp\/v2\/product_cat?post=13326"},{"taxonomy":"product_tag","embeddable":true,"href":"https:\/\/ikonisch.pt\/es\/wp-json\/wp\/v2\/product_tag?post=13326"}],"curies":[{"name":"wp","href":"https:\/\/api.w.org\/{rel}","templated":true}]}}