{"id":13818,"date":"2023-06-07T16:00:16","date_gmt":"2023-06-07T14:43:16","guid":{"rendered":"https:\/\/ikonisch.pt\/?post_type=product&#038;p=13818"},"modified":"2023-06-14T15:12:34","modified_gmt":"2023-06-14T15:12:34","slug":"mesa-redonda-modelo-t69-tecno","status":"publish","type":"product","link":"https:\/\/ikonisch.pt\/es\/produtos\/mesa-redonda-modelo-t69-tecno\/","title":{"rendered":"Mesa Redonda Modelo T69 &#8211; TECNO"},"content":{"rendered":"<p>Tecno produce muebles de dise\u00f1o para entornos comerciales, dom\u00e9sticos y p\u00fablicos. La empresa italiana responde a las necesidades de los entornos de oficina, identificando los cambios en el mundo de los negocios y tomando nota de los deseos de los usuarios. Tecno posee las cualidades necesarias para dise\u00f1ar espacios p\u00fablicos: habilidad, experiencia y visi\u00f3n para el cambio social. Los muebles de marca para el hogar son atractivos por su car\u00e1cter duradero y versatilidad.<\/p>\n","protected":false},"excerpt":{"rendered":"<p>Esta mesa de comedor &#8216;T69&#8217; dise\u00f1ada por Osvaldo Borsani para Tecno Italia en los a\u00f1os 60. La mesa de comedor cuenta con tapa redonda en \u00abStyle Stone\u00bb Venatino Gold, base de hierro fundido con l\u00e1minas de acero cepilladas latonadas. Los materiales contrastantes dan a la mesa un aspecto elegante y de lujo.<\/p>\n","protected":false},"featured_media":13620,"template":"","meta":{"_acf_changed":false,"inline_featured_image":false},"product_brand":[],"product_cat":[698,694],"product_tag":[1177,836],"class_list":{"0":"post-13818","1":"product","2":"type-product","3":"status-publish","4":"has-post-thumbnail","6":"product_cat-coleccion-vintage","7":"product_cat-mesas-es","8":"product_tag-osvaldo-borsani-es","9":"product_tag-tecno-es","11":"first","12":"outofstock","13":"shipping-taxable","14":"purchasable","15":"product-type-simple"},"acf":[],"aioseo_notices":[],"_links":{"self":[{"href":"https:\/\/ikonisch.pt\/es\/wp-json\/wp\/v2\/product\/13818","targetHints":{"allow":["GET"]}}],"collection":[{"href":"https:\/\/ikonisch.pt\/es\/wp-json\/wp\/v2\/product"}],"about":[{"href":"https:\/\/ikonisch.pt\/es\/wp-json\/wp\/v2\/types\/product"}],"wp:featuredmedia":[{"embeddable":true,"href":"https:\/\/ikonisch.pt\/es\/wp-json\/wp\/v2\/media\/13620"}],"wp:attachment":[{"href":"https:\/\/ikonisch.pt\/es\/wp-json\/wp\/v2\/media?parent=13818"}],"wp:term":[{"taxonomy":"product_brand","embeddable":true,"href":"https:\/\/ikonisch.pt\/es\/wp-json\/wp\/v2\/product_brand?post=13818"},{"taxonomy":"product_cat","embeddable":true,"href":"https:\/\/ikonisch.pt\/es\/wp-json\/wp\/v2\/product_cat?post=13818"},{"taxonomy":"product_tag","embeddable":true,"href":"https:\/\/ikonisch.pt\/es\/wp-json\/wp\/v2\/product_tag?post=13818"}],"curies":[{"name":"wp","href":"https:\/\/api.w.org\/{rel}","templated":true}]}}