{"id":13827,"date":"2022-01-26T15:11:46","date_gmt":"2022-01-26T15:11:46","guid":{"rendered":"https:\/\/ikonisch.pt\/produtos\/silla-embody-herman-miller-2\/"},"modified":"2022-01-26T15:11:46","modified_gmt":"2022-01-26T15:11:46","slug":"silla-embody-herman-miller-2","status":"publish","type":"product","link":"https:\/\/ikonisch.pt\/es\/produtos\/silla-embody-herman-miller-2\/","title":{"rendered":"Silla Embody &#8211; Herman Miller"},"content":{"rendered":"","protected":false},"excerpt":{"rendered":"<p>Dise\u00f1ada por Bill Stumpf y Jeff Weber para Herman Miller, la silla Embody es el resultado de a\u00f1os de investigaci\u00f3n para alcanzar el equilibrio postural en una silla operativa. Este modelo es giratorio con base de cinco radios, brazos regulables en altura y anchura, sistema de inclinaci\u00f3n del respaldo con \u00abPixelated Support\u00bb y \u00abBackFit\u00bb (ajuste del soporte del respaldo), y \u00abPostureFit\u00bb (soporte lumbar). La tensi\u00f3n de inclinaci\u00f3n puede ser regulada, y dispone de tres posiciones para fijaci\u00f3n. El asiento regula en profundidad.<\/p>\n","protected":false},"featured_media":10318,"template":"","meta":{"_acf_changed":false,"inline_featured_image":false},"product_brand":[],"product_cat":[691],"product_tag":[1420,763,2204],"class_list":{"0":"post-13827","1":"product","2":"type-product","3":"status-publish","4":"has-post-thumbnail","6":"product_cat-oficina","7":"product_tag-bill-stumpf-es","8":"product_tag-herman-miller-es","9":"product_tag-jeff-weber-es","11":"first","12":"outofstock","13":"shipping-taxable","14":"purchasable","15":"product-type-simple"},"acf":[],"aioseo_notices":[],"_links":{"self":[{"href":"https:\/\/ikonisch.pt\/es\/wp-json\/wp\/v2\/product\/13827","targetHints":{"allow":["GET"]}}],"collection":[{"href":"https:\/\/ikonisch.pt\/es\/wp-json\/wp\/v2\/product"}],"about":[{"href":"https:\/\/ikonisch.pt\/es\/wp-json\/wp\/v2\/types\/product"}],"wp:featuredmedia":[{"embeddable":true,"href":"https:\/\/ikonisch.pt\/es\/wp-json\/wp\/v2\/media\/10318"}],"wp:attachment":[{"href":"https:\/\/ikonisch.pt\/es\/wp-json\/wp\/v2\/media?parent=13827"}],"wp:term":[{"taxonomy":"product_brand","embeddable":true,"href":"https:\/\/ikonisch.pt\/es\/wp-json\/wp\/v2\/product_brand?post=13827"},{"taxonomy":"product_cat","embeddable":true,"href":"https:\/\/ikonisch.pt\/es\/wp-json\/wp\/v2\/product_cat?post=13827"},{"taxonomy":"product_tag","embeddable":true,"href":"https:\/\/ikonisch.pt\/es\/wp-json\/wp\/v2\/product_tag?post=13827"}],"curies":[{"name":"wp","href":"https:\/\/api.w.org\/{rel}","templated":true}]}}