{"id":14072,"date":"2023-06-26T16:40:57","date_gmt":"2023-06-26T16:40:58","guid":{"rendered":"https:\/\/ikonisch.pt\/?post_type=product&#038;p=14072"},"modified":"2023-06-26T16:56:45","modified_gmt":"2023-06-26T16:56:45","slug":"mesa-de-apoyo-modelo-talo-giorgetti","status":"publish","type":"product","link":"https:\/\/ikonisch.pt\/es\/produtos\/mesa-de-apoyo-modelo-talo-giorgetti\/","title":{"rendered":"Mesa de Apoyo Modelo TALO &#8211; Giorgetti"},"content":{"rendered":"","protected":false},"excerpt":{"rendered":"<p>Mesa soporte multi funciones de Giorgetti, modelo TALO, dise\u00f1ado por Massimo Scolari en 1989. Esta mesa forma parte del cat\u00e1logo de Giorgetti y combina el di\u00e1logo con las tradiciones y la modernidad con un aspecto cl\u00e1sico en sus formas combinado con notas de artesan\u00eda y t\u00e9cnica en su producci\u00f3n. Tal como en su pintura, el autor, remite sus piezas a maneras y espacios pret\u00e9ritos estableciendo relaci\u00f3n entre antig\u00fcedad y presente.<\/p>\n<p>Mesa con columna \u00abd\u00f3rica\u00bb que permite la rotaci\u00f3n de la parte superior con un caj\u00f3n que pueda ser abierto por ambos lados y una l\u00e1mpara de soporte articulado dan a esta pieza una clasificaci\u00f3n de singularidad solo al alcance de los coleccionistas.<\/p>\n<p>Gasto de env\u00edo incluido.<\/p>\n","protected":false},"featured_media":14078,"template":"","meta":{"_acf_changed":false,"inline_featured_image":false},"product_brand":[],"product_cat":[698,694],"product_tag":[758],"class_list":{"0":"post-14072","1":"product","2":"type-product","3":"status-publish","4":"has-post-thumbnail","6":"product_cat-coleccion-vintage","7":"product_cat-mesas-es","8":"product_tag-giorgetti-es","10":"first","11":"outofstock","12":"shipping-taxable","13":"purchasable","14":"product-type-simple"},"acf":[],"aioseo_notices":[],"_links":{"self":[{"href":"https:\/\/ikonisch.pt\/es\/wp-json\/wp\/v2\/product\/14072","targetHints":{"allow":["GET"]}}],"collection":[{"href":"https:\/\/ikonisch.pt\/es\/wp-json\/wp\/v2\/product"}],"about":[{"href":"https:\/\/ikonisch.pt\/es\/wp-json\/wp\/v2\/types\/product"}],"wp:featuredmedia":[{"embeddable":true,"href":"https:\/\/ikonisch.pt\/es\/wp-json\/wp\/v2\/media\/14078"}],"wp:attachment":[{"href":"https:\/\/ikonisch.pt\/es\/wp-json\/wp\/v2\/media?parent=14072"}],"wp:term":[{"taxonomy":"product_brand","embeddable":true,"href":"https:\/\/ikonisch.pt\/es\/wp-json\/wp\/v2\/product_brand?post=14072"},{"taxonomy":"product_cat","embeddable":true,"href":"https:\/\/ikonisch.pt\/es\/wp-json\/wp\/v2\/product_cat?post=14072"},{"taxonomy":"product_tag","embeddable":true,"href":"https:\/\/ikonisch.pt\/es\/wp-json\/wp\/v2\/product_tag?post=14072"}],"curies":[{"name":"wp","href":"https:\/\/api.w.org\/{rel}","templated":true}]}}