{"id":14083,"date":"2023-06-26T17:22:42","date_gmt":"2023-06-26T17:22:43","guid":{"rendered":"https:\/\/ikonisch.pt\/?post_type=product&#038;p=14083"},"modified":"2023-06-26T17:53:00","modified_gmt":"2023-06-26T17:53:00","slug":"sillon-fjord-moroso","status":"publish","type":"product","link":"https:\/\/ikonisch.pt\/es\/produtos\/sillon-fjord-moroso\/","title":{"rendered":"Sill\u00f3n Fjord &#8211; Moroso"},"content":{"rendered":"<p>Moroso es una empresa italiana de muebles que ha creado productos de dise\u00f1o de vanguardia desde 1952. El conocimiento, el talento y la investigaci\u00f3n son fundamentales para el dise\u00f1o y el proceso de producci\u00f3n de la empresa, lo que resulta en muebles de alta calidad con un dise\u00f1o elegante y un confort supremo. El ingenio de reconocidos dise\u00f1adores ha contribuido a las creaciones \u00fanicas de la colecci\u00f3n Moroso. Con sus dise\u00f1os excepcionales y coloridos, Moroso es una fiesta para los ojos.<\/p>\n","protected":false},"excerpt":{"rendered":"<p>El sill\u00f3n giratorio individual modelo \u00abFJORD\u00bb de Moroso by Patricia Urquiola 2002 es un mueble elegante y contempor\u00e1neo que combina confort y estilo. Inspirada en los paisajes escandinavos, la silla Fjord presenta un dise\u00f1o suave y acogedor, con curvas suaves y una forma org\u00e1nica que recuerda las l\u00edneas sinuosas de las monta\u00f1as y fiordos. La silla con brazos giratorios posee una estructura s\u00f3lida y robusta de espuma inyectada sobre una estructura interna de acero. Base cuadrada de acero con pintura de epoxy que proporciona estabilidad y durabilidad. La tapicer\u00eda del asiento y el respaldo est\u00e1n recubiertos con cuero de alta calidad, lo que garantiza comodidad y soporte ergon\u00f3mico para el usuario. Lo m\u00e1s destacado de la silla Fjord es su respaldo alto, que envuelve suavemente el cuerpo, proporcionando una sensaci\u00f3n de abrazo acogedor. La silla Fjord es una pieza vers\u00e1til que se adapta a una variedad de espacios, desde salas de estar hasta ambientes de oficina. De dise\u00f1o contempor\u00e1neo y confort combinados lo convierten en una adici\u00f3n elegante y funcional a cualquier espacio de convivencia. La piel de cuero presenta algunos signos de uso debido al tiempo.<\/p>\n<p>Atenci\u00f3n: Valor unitario.<\/p>\n","protected":false},"featured_media":31181,"template":"","meta":{"_acf_changed":false,"inline_featured_image":false},"product_brand":[],"product_cat":[697],"product_tag":[802,1538],"class_list":{"0":"post-14083","1":"product","2":"type-product","3":"status-publish","4":"has-post-thumbnail","6":"product_cat-sofas-y-sillones","7":"product_tag-moroso-es","8":"product_tag-patricia-urquiola-es","10":"first","11":"outofstock","12":"shipping-taxable","13":"purchasable","14":"product-type-simple"},"acf":[],"aioseo_notices":[],"_links":{"self":[{"href":"https:\/\/ikonisch.pt\/es\/wp-json\/wp\/v2\/product\/14083","targetHints":{"allow":["GET"]}}],"collection":[{"href":"https:\/\/ikonisch.pt\/es\/wp-json\/wp\/v2\/product"}],"about":[{"href":"https:\/\/ikonisch.pt\/es\/wp-json\/wp\/v2\/types\/product"}],"wp:featuredmedia":[{"embeddable":true,"href":"https:\/\/ikonisch.pt\/es\/wp-json\/wp\/v2\/media\/31181"}],"wp:attachment":[{"href":"https:\/\/ikonisch.pt\/es\/wp-json\/wp\/v2\/media?parent=14083"}],"wp:term":[{"taxonomy":"product_brand","embeddable":true,"href":"https:\/\/ikonisch.pt\/es\/wp-json\/wp\/v2\/product_brand?post=14083"},{"taxonomy":"product_cat","embeddable":true,"href":"https:\/\/ikonisch.pt\/es\/wp-json\/wp\/v2\/product_cat?post=14083"},{"taxonomy":"product_tag","embeddable":true,"href":"https:\/\/ikonisch.pt\/es\/wp-json\/wp\/v2\/product_tag?post=14083"}],"curies":[{"name":"wp","href":"https:\/\/api.w.org\/{rel}","templated":true}]}}