{"id":14227,"date":"2023-06-27T12:53:14","date_gmt":"2023-06-26T22:53:15","guid":{"rendered":"https:\/\/ikonisch.pt\/?post_type=product&#038;p=14227"},"modified":"2024-10-18T10:59:39","modified_gmt":"2024-10-18T10:59:39","slug":"viga-de-recepcion-modelo-eina-enea","status":"publish","type":"product","link":"https:\/\/ikonisch.pt\/es\/produtos\/viga-de-recepcion-modelo-eina-enea\/","title":{"rendered":"Viga de Recepci\u00f3n Modelo Eina &#8211; Enea"},"content":{"rendered":"","protected":false},"excerpt":{"rendered":"<p>Viga de recepci\u00f3n con asientos y respaldo en polipropileno con 2 asientos, modelo EINA, de ENEA. Reposapi\u00e9s de aluminio y viga soporte de asiento de acero pintado en gris.<\/p>\n<p>Disponemos de opciones de 2, 3, 4 y 5 asientos por viga.<\/p>\n<p><strong>Realizamos entregas a nivel mundial. Para env\u00edos fuera de Portugal y Espa\u00f1a, por favor, cont\u00e1ctenos para recibir un presupuesto personalizado.<\/strong><\/p>\n<p>Para m\u00e1s informaci\u00f3n sobre precios, p\u00f3ngase en contacto con nosotros por correo electr\u00f3nico en\u00a0<a href=\"mailto:info@ikonisch.pt\"><strong>info@ikonisch.pt<\/strong><\/a>\u00a0o por tel\u00e9fono en el\u00a0<strong>+351 913 068 270<\/strong>.<\/p>\n","protected":false},"featured_media":31684,"template":"","meta":{"_acf_changed":false,"inline_featured_image":false},"product_brand":[],"product_cat":[691],"product_tag":[1828,1239],"class_list":{"0":"post-14227","1":"product","2":"type-product","3":"status-publish","4":"has-post-thumbnail","6":"product_cat-oficina","7":"product_tag-enea-es","8":"product_tag-josep-llusca-es","10":"first","11":"instock","12":"shipping-taxable","13":"purchasable","14":"product-type-simple"},"acf":[],"aioseo_notices":[],"_links":{"self":[{"href":"https:\/\/ikonisch.pt\/es\/wp-json\/wp\/v2\/product\/14227","targetHints":{"allow":["GET"]}}],"collection":[{"href":"https:\/\/ikonisch.pt\/es\/wp-json\/wp\/v2\/product"}],"about":[{"href":"https:\/\/ikonisch.pt\/es\/wp-json\/wp\/v2\/types\/product"}],"wp:featuredmedia":[{"embeddable":true,"href":"https:\/\/ikonisch.pt\/es\/wp-json\/wp\/v2\/media\/31684"}],"wp:attachment":[{"href":"https:\/\/ikonisch.pt\/es\/wp-json\/wp\/v2\/media?parent=14227"}],"wp:term":[{"taxonomy":"product_brand","embeddable":true,"href":"https:\/\/ikonisch.pt\/es\/wp-json\/wp\/v2\/product_brand?post=14227"},{"taxonomy":"product_cat","embeddable":true,"href":"https:\/\/ikonisch.pt\/es\/wp-json\/wp\/v2\/product_cat?post=14227"},{"taxonomy":"product_tag","embeddable":true,"href":"https:\/\/ikonisch.pt\/es\/wp-json\/wp\/v2\/product_tag?post=14227"}],"curies":[{"name":"wp","href":"https:\/\/api.w.org\/{rel}","templated":true}]}}