{"id":14322,"date":"2023-06-30T15:07:56","date_gmt":"2023-06-30T15:07:57","guid":{"rendered":"https:\/\/ikonisch.pt\/?post_type=product&#038;p=14322"},"modified":"2023-07-03T13:21:24","modified_gmt":"2023-07-03T13:21:24","slug":"sillones-individuales-anos-70s","status":"publish","type":"product","link":"https:\/\/ikonisch.pt\/es\/produtos\/sillones-individuales-anos-70s\/","title":{"rendered":"Sillones individuales a\u00f1os 70&#8217;s"},"content":{"rendered":"","protected":false},"excerpt":{"rendered":"<p>Sillones individuales con reposabrazos, de dise\u00f1o portugu\u00e9s de los a\u00f1os 70. Estructura totalmente reacondicionada y lacada en color negro con brillo medio, asiento y respaldo con nuevo tapizado recubierto de tela mezcla de azul y blanco.<\/p>\n<p>Atenci\u00f3n: Valor unitario.<\/p>\n","protected":false},"featured_media":18179,"template":"","meta":{"_acf_changed":false,"inline_featured_image":false},"product_brand":[],"product_cat":[697],"product_tag":[],"class_list":{"0":"post-14322","1":"product","2":"type-product","3":"status-publish","4":"has-post-thumbnail","6":"product_cat-sofas-y-sillones","8":"first","9":"outofstock","10":"shipping-taxable","11":"purchasable","12":"product-type-simple"},"acf":[],"aioseo_notices":[],"_links":{"self":[{"href":"https:\/\/ikonisch.pt\/es\/wp-json\/wp\/v2\/product\/14322","targetHints":{"allow":["GET"]}}],"collection":[{"href":"https:\/\/ikonisch.pt\/es\/wp-json\/wp\/v2\/product"}],"about":[{"href":"https:\/\/ikonisch.pt\/es\/wp-json\/wp\/v2\/types\/product"}],"wp:featuredmedia":[{"embeddable":true,"href":"https:\/\/ikonisch.pt\/es\/wp-json\/wp\/v2\/media\/18179"}],"wp:attachment":[{"href":"https:\/\/ikonisch.pt\/es\/wp-json\/wp\/v2\/media?parent=14322"}],"wp:term":[{"taxonomy":"product_brand","embeddable":true,"href":"https:\/\/ikonisch.pt\/es\/wp-json\/wp\/v2\/product_brand?post=14322"},{"taxonomy":"product_cat","embeddable":true,"href":"https:\/\/ikonisch.pt\/es\/wp-json\/wp\/v2\/product_cat?post=14322"},{"taxonomy":"product_tag","embeddable":true,"href":"https:\/\/ikonisch.pt\/es\/wp-json\/wp\/v2\/product_tag?post=14322"}],"curies":[{"name":"wp","href":"https:\/\/api.w.org\/{rel}","templated":true}]}}