{"id":14440,"date":"2023-07-06T16:52:00","date_gmt":"2023-07-06T16:52:01","guid":{"rendered":"https:\/\/ikonisch.pt\/?post_type=product&#038;p=14440"},"modified":"2024-12-19T14:23:12","modified_gmt":"2024-12-19T14:23:12","slug":"sillas-modelo-cesca-s32-thonet","status":"publish","type":"product","link":"https:\/\/ikonisch.pt\/es\/produtos\/sillas-modelo-cesca-s32-thonet\/","title":{"rendered":"Sillas Modelo Cesca S32 &#8211; Thonet"},"content":{"rendered":"<p>Thonet, una de las marcas de dise\u00f1o m\u00e1s antiguas, fue fundada en 1819. La marca Thonet produce muebles de dise\u00f1o de alta calidad para proyectos residenciales y comerciales. A trav\u00e9s de la aplicaci\u00f3n de nuevas t\u00e9cnicas a dise\u00f1os de modelos tradicionales, Thonet consigue crear m\u00f3viles de una simplicidad fuerte e inspiradora.<\/p>\n","protected":false},"excerpt":{"rendered":"<p>La silla Cesca by Thonet es una pieza exclusiva creada por el dise\u00f1ador Marcel Breuer durante su estancia en Berl\u00edn en 1928.<\/p>\n<p>Su principal atractivo se destaca en la estructura tubular con dos \u00fanicas patas delanteras y asiento colgante que le confiere un aspecto ligero, s\u00f3lido y que la hace sorprendentemente c\u00f3moda.<\/p>\n<p>Altura del asiento: 46cm.<\/p>\n<p>Atenci\u00f3n: Valor unitario.<\/p>\n","protected":false},"featured_media":14443,"template":"","meta":{"_acf_changed":false,"inline_featured_image":false},"product_brand":[],"product_cat":[689],"product_tag":[2194,837],"class_list":{"0":"post-14440","1":"product","2":"type-product","3":"status-publish","4":"has-post-thumbnail","6":"product_cat-sillas","7":"product_tag-marcel-breuer-es","8":"product_tag-thonet-es","10":"first","11":"outofstock","12":"shipping-taxable","13":"purchasable","14":"product-type-simple"},"acf":[],"aioseo_notices":[],"_links":{"self":[{"href":"https:\/\/ikonisch.pt\/es\/wp-json\/wp\/v2\/product\/14440","targetHints":{"allow":["GET"]}}],"collection":[{"href":"https:\/\/ikonisch.pt\/es\/wp-json\/wp\/v2\/product"}],"about":[{"href":"https:\/\/ikonisch.pt\/es\/wp-json\/wp\/v2\/types\/product"}],"wp:featuredmedia":[{"embeddable":true,"href":"https:\/\/ikonisch.pt\/es\/wp-json\/wp\/v2\/media\/14443"}],"wp:attachment":[{"href":"https:\/\/ikonisch.pt\/es\/wp-json\/wp\/v2\/media?parent=14440"}],"wp:term":[{"taxonomy":"product_brand","embeddable":true,"href":"https:\/\/ikonisch.pt\/es\/wp-json\/wp\/v2\/product_brand?post=14440"},{"taxonomy":"product_cat","embeddable":true,"href":"https:\/\/ikonisch.pt\/es\/wp-json\/wp\/v2\/product_cat?post=14440"},{"taxonomy":"product_tag","embeddable":true,"href":"https:\/\/ikonisch.pt\/es\/wp-json\/wp\/v2\/product_tag?post=14440"}],"curies":[{"name":"wp","href":"https:\/\/api.w.org\/{rel}","templated":true}]}}