{"id":14494,"date":"2023-07-06T17:09:00","date_gmt":"2023-07-06T17:09:00","guid":{"rendered":"https:\/\/ikonisch.pt\/?post_type=product&#038;p=14494"},"modified":"2024-02-12T12:40:45","modified_gmt":"2024-02-12T12:40:45","slug":"sillas-modelo-operette-roche-bobois","status":"publish","type":"product","link":"https:\/\/ikonisch.pt\/es\/produtos\/sillas-modelo-operette-roche-bobois\/","title":{"rendered":"Sillas Modelo Operette &#8211; Roche Bobois"},"content":{"rendered":"","protected":false},"excerpt":{"rendered":"<p>Dise\u00f1ada por Marcel Wanders para Roche Bobois, la silla Operette forma parte de la colecci\u00f3n Globe Trotter. Esta colecci\u00f3n \u00fanica y ecl\u00e9ctica est\u00e1 inspirada por los legendarios aventureros y exploradores que han viajado por el mundo para descubrir nuevas culturas y objetos raros. La colecci\u00f3n expresa apertura, libertad e inspiraci\u00f3n, mostrando el estilo de dise\u00f1o caracter\u00edstico de Marcel Wanders.<\/p>\n<p>Silla en chapa de fresno sobre madera contrachapada y madera maciza de fresno con acabado lacado negro mate. Coj\u00edn de asiento y respaldo de espuma de poliuretano y tapizado en tela de la colecci\u00f3n Marcel Wanders para Roche Bobois.<\/p>\n<p>Atenci\u00f3n: Valor unitario.<\/p>\n","protected":false},"featured_media":15166,"template":"","meta":{"_acf_changed":false,"inline_featured_image":false},"product_brand":[],"product_cat":[689],"product_tag":[1148,1156],"class_list":{"0":"post-14494","1":"product","2":"type-product","3":"status-publish","4":"has-post-thumbnail","6":"product_cat-sillas","7":"product_tag-marcel-wanders-es","8":"product_tag-roche-bobois-es","10":"first","11":"outofstock","12":"shipping-taxable","13":"purchasable","14":"product-type-simple"},"acf":[],"aioseo_notices":[],"_links":{"self":[{"href":"https:\/\/ikonisch.pt\/es\/wp-json\/wp\/v2\/product\/14494","targetHints":{"allow":["GET"]}}],"collection":[{"href":"https:\/\/ikonisch.pt\/es\/wp-json\/wp\/v2\/product"}],"about":[{"href":"https:\/\/ikonisch.pt\/es\/wp-json\/wp\/v2\/types\/product"}],"wp:featuredmedia":[{"embeddable":true,"href":"https:\/\/ikonisch.pt\/es\/wp-json\/wp\/v2\/media\/15166"}],"wp:attachment":[{"href":"https:\/\/ikonisch.pt\/es\/wp-json\/wp\/v2\/media?parent=14494"}],"wp:term":[{"taxonomy":"product_brand","embeddable":true,"href":"https:\/\/ikonisch.pt\/es\/wp-json\/wp\/v2\/product_brand?post=14494"},{"taxonomy":"product_cat","embeddable":true,"href":"https:\/\/ikonisch.pt\/es\/wp-json\/wp\/v2\/product_cat?post=14494"},{"taxonomy":"product_tag","embeddable":true,"href":"https:\/\/ikonisch.pt\/es\/wp-json\/wp\/v2\/product_tag?post=14494"}],"curies":[{"name":"wp","href":"https:\/\/api.w.org\/{rel}","templated":true}]}}