{"id":14723,"date":"2023-07-12T15:19:27","date_gmt":"2023-07-12T15:19:27","guid":{"rendered":"https:\/\/ikonisch.pt\/?post_type=product&#038;p=14723"},"modified":"2024-10-18T10:58:25","modified_gmt":"2024-10-18T10:58:25","slug":"silla-fija-con-brazos-modelo-dyna-5-dynamobel","status":"publish","type":"product","link":"https:\/\/ikonisch.pt\/es\/produtos\/silla-fija-con-brazos-modelo-dyna-5-dynamobel\/","title":{"rendered":"Silla fija con brazos Modelo Dyna 5 &#8211; Dynamobel"},"content":{"rendered":"","protected":false},"excerpt":{"rendered":"<p>La silla Dyna 5, de Dynamobel, es una silla de 4 pies totalmente robusta, apilable, cuyo asiento y respaldo tiene l\u00e1minas de haya prensadas (madera) y finalmente forradas con tela con costuras.<\/p>\n<p>Es una silla muy vers\u00e1til, puede ser utilizada en \u00e1reas colectivas, salas multiuso, de reuni\u00f3n, conferencia o formaci\u00f3n.<\/p>\n<p><strong>Realizamos entregas a nivel mundial. Para env\u00edos fuera de Portugal y Espa\u00f1a, por favor, cont\u00e1ctenos para recibir un presupuesto personalizado.<\/strong><\/p>\n<p>Para m\u00e1s informaci\u00f3n sobre precios, p\u00f3ngase en contacto con nosotros por correo electr\u00f3nico en\u00a0<a href=\"mailto:info@ikonisch.pt\"><strong>info@ikonisch.pt<\/strong><\/a>\u00a0o por tel\u00e9fono en el\u00a0<strong>+351 913 068 270<\/strong>.<\/p>\n","protected":false},"featured_media":31279,"template":"","meta":{"_acf_changed":false,"inline_featured_image":false},"product_brand":[],"product_cat":[689],"product_tag":[744],"class_list":{"0":"post-14723","1":"product","2":"type-product","3":"status-publish","4":"has-post-thumbnail","6":"product_cat-sillas","7":"product_tag-dynamobel-es","9":"first","10":"instock","11":"sale","12":"shipping-taxable","13":"purchasable","14":"product-type-simple"},"acf":[],"aioseo_notices":[],"_links":{"self":[{"href":"https:\/\/ikonisch.pt\/es\/wp-json\/wp\/v2\/product\/14723","targetHints":{"allow":["GET"]}}],"collection":[{"href":"https:\/\/ikonisch.pt\/es\/wp-json\/wp\/v2\/product"}],"about":[{"href":"https:\/\/ikonisch.pt\/es\/wp-json\/wp\/v2\/types\/product"}],"wp:featuredmedia":[{"embeddable":true,"href":"https:\/\/ikonisch.pt\/es\/wp-json\/wp\/v2\/media\/31279"}],"wp:attachment":[{"href":"https:\/\/ikonisch.pt\/es\/wp-json\/wp\/v2\/media?parent=14723"}],"wp:term":[{"taxonomy":"product_brand","embeddable":true,"href":"https:\/\/ikonisch.pt\/es\/wp-json\/wp\/v2\/product_brand?post=14723"},{"taxonomy":"product_cat","embeddable":true,"href":"https:\/\/ikonisch.pt\/es\/wp-json\/wp\/v2\/product_cat?post=14723"},{"taxonomy":"product_tag","embeddable":true,"href":"https:\/\/ikonisch.pt\/es\/wp-json\/wp\/v2\/product_tag?post=14723"}],"curies":[{"name":"wp","href":"https:\/\/api.w.org\/{rel}","templated":true}]}}