{"id":14741,"date":"2023-07-12T15:34:33","date_gmt":"2023-07-12T15:34:33","guid":{"rendered":"https:\/\/ikonisch.pt\/?post_type=product&#038;p=14741"},"modified":"2023-07-12T15:57:45","modified_gmt":"2023-07-12T15:57:45","slug":"silla-modelo-gorka-xl-cuero-akaba","status":"publish","type":"product","link":"https:\/\/ikonisch.pt\/es\/produtos\/silla-modelo-gorka-xl-cuero-akaba\/","title":{"rendered":"Silla Modelo Gorka XL Cuero &#8211; Akaba"},"content":{"rendered":"","protected":false},"excerpt":{"rendered":"<p>\u00abElegancia cl\u00e1sica, dise\u00f1o atemporal.\u00bb<\/p>\n<p>Dise\u00f1ada por Jorge Pensi, para Akaba, la silla modelo Gorka es la pieza m\u00e1s ic\u00f3nica de la marca espa\u00f1ola, en su esencia.<br \/>\nLa silla Gorka es el resultado de la fusi\u00f3n del dise\u00f1o y el arte, realizada en materiales nobles de alta calidad que la hacen duradera y con un dise\u00f1o que promueve la comodidad, la ergonom\u00eda y la personalidad de la misma. Es ideal para uso en colectividades, oficinas y hogares.<\/p>\n<p>Silla apilable de madera con reposabrazos y respaldo medio. Estructuras laterales de aluminio fundido, caja de madera contrachapada de haya de 9 hojas moldeadas, asiento de espuma y tapicer\u00eda de cuero blanco mate con costuras exteriores.<\/p>\n<p>Atenci\u00f3n: Valor unitario.<\/p>\n","protected":false},"featured_media":15172,"template":"","meta":{"_acf_changed":false,"inline_featured_image":false},"product_brand":[],"product_cat":[689],"product_tag":[700,776],"class_list":{"0":"post-14741","1":"product","2":"type-product","3":"status-publish","4":"has-post-thumbnail","6":"product_cat-sillas","7":"product_tag-akaba-es","8":"product_tag-jorge-pensi-es","10":"first","11":"outofstock","12":"shipping-taxable","13":"purchasable","14":"product-type-simple"},"acf":[],"aioseo_notices":[],"_links":{"self":[{"href":"https:\/\/ikonisch.pt\/es\/wp-json\/wp\/v2\/product\/14741","targetHints":{"allow":["GET"]}}],"collection":[{"href":"https:\/\/ikonisch.pt\/es\/wp-json\/wp\/v2\/product"}],"about":[{"href":"https:\/\/ikonisch.pt\/es\/wp-json\/wp\/v2\/types\/product"}],"wp:featuredmedia":[{"embeddable":true,"href":"https:\/\/ikonisch.pt\/es\/wp-json\/wp\/v2\/media\/15172"}],"wp:attachment":[{"href":"https:\/\/ikonisch.pt\/es\/wp-json\/wp\/v2\/media?parent=14741"}],"wp:term":[{"taxonomy":"product_brand","embeddable":true,"href":"https:\/\/ikonisch.pt\/es\/wp-json\/wp\/v2\/product_brand?post=14741"},{"taxonomy":"product_cat","embeddable":true,"href":"https:\/\/ikonisch.pt\/es\/wp-json\/wp\/v2\/product_cat?post=14741"},{"taxonomy":"product_tag","embeddable":true,"href":"https:\/\/ikonisch.pt\/es\/wp-json\/wp\/v2\/product_tag?post=14741"}],"curies":[{"name":"wp","href":"https:\/\/api.w.org\/{rel}","templated":true}]}}