{"id":15063,"date":"2023-08-24T09:29:13","date_gmt":"2023-08-24T09:29:14","guid":{"rendered":"https:\/\/ikonisch.pt\/?post_type=product&#038;p=15063"},"modified":"2023-10-26T15:11:28","modified_gmt":"2023-10-26T15:11:28","slug":"sofa-individual-dunas-xl-inclass","status":"publish","type":"product","link":"https:\/\/ikonisch.pt\/es\/produtos\/sofa-individual-dunas-xl-inclass\/","title":{"rendered":"Sof\u00e1 individual Dunas XL &#8211; Inclass"},"content":{"rendered":"","protected":false},"excerpt":{"rendered":"<p>Arce individual dise\u00f1ado por Christophe Pillet para Inclass es una de las piezas de la colecci\u00f3n que representa la esencia de un sill\u00f3n, para sal\u00f3n o sala de estar, haciendo que los espacios sean elegantes y distintivos. Base fija de acero pintado, estructura del asiento y respaldo de acero recubierto de espuma moldeada con acabado de tela.<\/p>\n<p>Atenci\u00f3n: Precio unitario<\/p>\n","protected":false},"featured_media":15087,"template":"","meta":{"_acf_changed":false,"inline_featured_image":false},"product_brand":[],"product_cat":[690,691,697],"product_tag":[],"class_list":{"0":"post-15063","1":"product","2":"type-product","3":"status-publish","4":"has-post-thumbnail","6":"product_cat-hogar","7":"product_cat-oficina","8":"product_cat-sofas-y-sillones","10":"first","11":"outofstock","12":"shipping-taxable","13":"purchasable","14":"product-type-simple"},"acf":[],"aioseo_notices":[],"_links":{"self":[{"href":"https:\/\/ikonisch.pt\/es\/wp-json\/wp\/v2\/product\/15063","targetHints":{"allow":["GET"]}}],"collection":[{"href":"https:\/\/ikonisch.pt\/es\/wp-json\/wp\/v2\/product"}],"about":[{"href":"https:\/\/ikonisch.pt\/es\/wp-json\/wp\/v2\/types\/product"}],"wp:featuredmedia":[{"embeddable":true,"href":"https:\/\/ikonisch.pt\/es\/wp-json\/wp\/v2\/media\/15087"}],"wp:attachment":[{"href":"https:\/\/ikonisch.pt\/es\/wp-json\/wp\/v2\/media?parent=15063"}],"wp:term":[{"taxonomy":"product_brand","embeddable":true,"href":"https:\/\/ikonisch.pt\/es\/wp-json\/wp\/v2\/product_brand?post=15063"},{"taxonomy":"product_cat","embeddable":true,"href":"https:\/\/ikonisch.pt\/es\/wp-json\/wp\/v2\/product_cat?post=15063"},{"taxonomy":"product_tag","embeddable":true,"href":"https:\/\/ikonisch.pt\/es\/wp-json\/wp\/v2\/product_tag?post=15063"}],"curies":[{"name":"wp","href":"https:\/\/api.w.org\/{rel}","templated":true}]}}