{"id":15377,"date":"2023-08-25T09:39:01","date_gmt":"2023-08-25T09:39:01","guid":{"rendered":"https:\/\/ikonisch.pt\/?post_type=product&#038;p=15377"},"modified":"2023-08-26T14:54:10","modified_gmt":"2023-08-26T14:54:10","slug":"silla-operativa-cobi-steelcase","status":"publish","type":"product","link":"https:\/\/ikonisch.pt\/es\/produtos\/silla-operativa-cobi-steelcase\/","title":{"rendered":"Silla Operativa Cobi &#8211; Steelcase"},"content":{"rendered":"","protected":false},"excerpt":{"rendered":"<p>Sill\u00f3n quir\u00fargico de respaldo medio con brazos fijos. Sistema neum\u00e1tico de elevaci\u00f3n y reclinaci\u00f3n. Estructura de PP con revestimiento de malla ventilada en el respaldo y asiento de espuma moldeada con acabado de tela.<\/p>\n","protected":false},"featured_media":15380,"template":"","meta":{"_acf_changed":false,"inline_featured_image":false},"product_brand":[],"product_cat":[691],"product_tag":[831],"class_list":{"0":"post-15377","1":"product","2":"type-product","3":"status-publish","4":"has-post-thumbnail","6":"product_cat-oficina","7":"product_tag-steelcase-es","9":"first","10":"outofstock","11":"shipping-taxable","12":"purchasable","13":"product-type-simple"},"acf":[],"aioseo_notices":[],"_links":{"self":[{"href":"https:\/\/ikonisch.pt\/es\/wp-json\/wp\/v2\/product\/15377","targetHints":{"allow":["GET"]}}],"collection":[{"href":"https:\/\/ikonisch.pt\/es\/wp-json\/wp\/v2\/product"}],"about":[{"href":"https:\/\/ikonisch.pt\/es\/wp-json\/wp\/v2\/types\/product"}],"wp:featuredmedia":[{"embeddable":true,"href":"https:\/\/ikonisch.pt\/es\/wp-json\/wp\/v2\/media\/15380"}],"wp:attachment":[{"href":"https:\/\/ikonisch.pt\/es\/wp-json\/wp\/v2\/media?parent=15377"}],"wp:term":[{"taxonomy":"product_brand","embeddable":true,"href":"https:\/\/ikonisch.pt\/es\/wp-json\/wp\/v2\/product_brand?post=15377"},{"taxonomy":"product_cat","embeddable":true,"href":"https:\/\/ikonisch.pt\/es\/wp-json\/wp\/v2\/product_cat?post=15377"},{"taxonomy":"product_tag","embeddable":true,"href":"https:\/\/ikonisch.pt\/es\/wp-json\/wp\/v2\/product_tag?post=15377"}],"curies":[{"name":"wp","href":"https:\/\/api.w.org\/{rel}","templated":true}]}}