{"id":15573,"date":"2023-09-08T16:07:16","date_gmt":"2023-09-08T16:08:40","guid":{"rendered":"https:\/\/ikonisch.pt\/?post_type=product&#038;p=15573"},"modified":"2024-02-12T13:12:39","modified_gmt":"2024-02-12T13:12:39","slug":"taburete-de-bar-nerd-muuto","status":"publish","type":"product","link":"https:\/\/ikonisch.pt\/es\/produtos\/taburete-de-bar-nerd-muuto\/","title":{"rendered":"Taburete de bar Nerd &#8211; Muuto"},"content":{"rendered":"","protected":false},"excerpt":{"rendered":"<p>El taburete de bar Nerd, dise\u00f1ado por David Geckeler para Muuto, es una silla de madera arquet\u00edpica con un dise\u00f1o innovador gracias a su asiento y respaldo integrados. Aunque sus detalles son contempor\u00e1neos y \u00fanicos a su manera, la expresi\u00f3n general de la silla se relaciona con los valores honestos del dise\u00f1o escandinavo. Nerd Bar Stool aporta nuevas perspectivas al dise\u00f1o escandinavo combinando el material tradicional de la madera con un lenguaje de dise\u00f1o sencillo pero exc\u00e9ntrico, una silla que aporta car\u00e1cter a cualquier espacio. Madera de roble franc\u00e9s con acabado en pintura negra.<\/p>\n<p>Atenci\u00f3n: Precio unitario<\/p>\n","protected":false},"featured_media":31128,"template":"","meta":{"_acf_changed":false,"inline_featured_image":false},"product_brand":[],"product_cat":[688],"product_tag":[1180,803],"class_list":{"0":"post-15573","1":"product","2":"type-product","3":"status-publish","4":"has-post-thumbnail","6":"product_cat-bancos-y-pufs","7":"product_tag-david-geckeler-es","8":"product_tag-muuto-es","10":"first","11":"outofstock","12":"shipping-taxable","13":"purchasable","14":"product-type-simple"},"acf":[],"aioseo_notices":[],"_links":{"self":[{"href":"https:\/\/ikonisch.pt\/es\/wp-json\/wp\/v2\/product\/15573","targetHints":{"allow":["GET"]}}],"collection":[{"href":"https:\/\/ikonisch.pt\/es\/wp-json\/wp\/v2\/product"}],"about":[{"href":"https:\/\/ikonisch.pt\/es\/wp-json\/wp\/v2\/types\/product"}],"wp:featuredmedia":[{"embeddable":true,"href":"https:\/\/ikonisch.pt\/es\/wp-json\/wp\/v2\/media\/31128"}],"wp:attachment":[{"href":"https:\/\/ikonisch.pt\/es\/wp-json\/wp\/v2\/media?parent=15573"}],"wp:term":[{"taxonomy":"product_brand","embeddable":true,"href":"https:\/\/ikonisch.pt\/es\/wp-json\/wp\/v2\/product_brand?post=15573"},{"taxonomy":"product_cat","embeddable":true,"href":"https:\/\/ikonisch.pt\/es\/wp-json\/wp\/v2\/product_cat?post=15573"},{"taxonomy":"product_tag","embeddable":true,"href":"https:\/\/ikonisch.pt\/es\/wp-json\/wp\/v2\/product_tag?post=15573"}],"curies":[{"name":"wp","href":"https:\/\/api.w.org\/{rel}","templated":true}]}}