{"id":15623,"date":"2023-09-08T16:47:17","date_gmt":"2023-09-08T16:51:52","guid":{"rendered":"https:\/\/ikonisch.pt\/?post_type=product&#038;p=15623"},"modified":"2024-02-12T13:11:32","modified_gmt":"2024-02-12T13:11:32","slug":"silla-p125-tecno","status":"publish","type":"product","link":"https:\/\/ikonisch.pt\/es\/produtos\/silla-p125-tecno\/","title":{"rendered":"Silla P125 &#8211; Tecno"},"content":{"rendered":"<p>Tecno fabrica muebles de dise\u00f1o para entornos comerciales, dom\u00e9sticos y p\u00fablicos. La empresa italiana responde a las necesidades de los entornos de oficina, identificando los cambios en el mundo empresarial y tomando nota de los deseos de los usuarios. Tecno posee las cualidades necesarias para dise\u00f1ar espacios p\u00fablicos, habilidad, experiencia y visi\u00f3n para el cambio social. El mobiliario de la marca para el entorno dom\u00e9stico tiene un atractivo y una versatilidad duraderos.<\/p>\n","protected":false},"excerpt":{"rendered":"<p>Silla ejecutiva de respaldo alto dise\u00f1ada por Osvaldo Borsani y fabricada por Tecno, Italia 1966-1976. Este sill\u00f3n forma parte de la serie P125 que se produjo en diferentes ediciones. Este sill\u00f3n en particular tiene una base de cinco ruedas de aluminio pulido y tapicer\u00eda de botones de cuero natural en color negro. El sill\u00f3n es regulable en altura entre 45-60 cm y gira 360 grados. El sill\u00f3n est\u00e1 en muy buen estado original y los asientos son muy c\u00f3modos. La diferencia de altura total es de unos 105-120 cm desde la posici\u00f3n m\u00e1s alta a la m\u00e1s baja del respaldo.<\/p>\n<p>Atenci\u00f3n: Precio unitario<\/p>\n","protected":false},"featured_media":15609,"template":"","meta":{"_acf_changed":false,"inline_featured_image":false},"product_brand":[],"product_cat":[691],"product_tag":[1177,836],"class_list":{"0":"post-15623","1":"product","2":"type-product","3":"status-publish","4":"has-post-thumbnail","6":"product_cat-oficina","7":"product_tag-osvaldo-borsani-es","8":"product_tag-tecno-es","10":"first","11":"outofstock","12":"shipping-taxable","13":"purchasable","14":"product-type-simple"},"acf":[],"aioseo_notices":[],"_links":{"self":[{"href":"https:\/\/ikonisch.pt\/es\/wp-json\/wp\/v2\/product\/15623","targetHints":{"allow":["GET"]}}],"collection":[{"href":"https:\/\/ikonisch.pt\/es\/wp-json\/wp\/v2\/product"}],"about":[{"href":"https:\/\/ikonisch.pt\/es\/wp-json\/wp\/v2\/types\/product"}],"wp:featuredmedia":[{"embeddable":true,"href":"https:\/\/ikonisch.pt\/es\/wp-json\/wp\/v2\/media\/15609"}],"wp:attachment":[{"href":"https:\/\/ikonisch.pt\/es\/wp-json\/wp\/v2\/media?parent=15623"}],"wp:term":[{"taxonomy":"product_brand","embeddable":true,"href":"https:\/\/ikonisch.pt\/es\/wp-json\/wp\/v2\/product_brand?post=15623"},{"taxonomy":"product_cat","embeddable":true,"href":"https:\/\/ikonisch.pt\/es\/wp-json\/wp\/v2\/product_cat?post=15623"},{"taxonomy":"product_tag","embeddable":true,"href":"https:\/\/ikonisch.pt\/es\/wp-json\/wp\/v2\/product_tag?post=15623"}],"curies":[{"name":"wp","href":"https:\/\/api.w.org\/{rel}","templated":true}]}}