{"id":15738,"date":"2023-09-11T13:11:29","date_gmt":"2023-09-11T13:11:30","guid":{"rendered":"https:\/\/ikonisch.pt\/?post_type=product&#038;p=15738"},"modified":"2023-09-11T13:45:00","modified_gmt":"2023-09-11T13:45:00","slug":"silla-operativa-reply-steelcase","status":"publish","type":"product","link":"https:\/\/ikonisch.pt\/es\/produtos\/silla-operativa-reply-steelcase\/","title":{"rendered":"Silla Operativa Reply &#8211; Steelcase"},"content":{"rendered":"","protected":false},"excerpt":{"rendered":"<p>Silla operativa reacondicionada, respaldo medio, con brazos regulables en altura. Respaldo en tejido de malla con apoyo lumbar regulable en altura. Asiento de espuma inyectada con acabado en tejido negro. Sistema de reclinaci\u00f3n con ajuste de tensi\u00f3n y bloqueo de respaldo, elevaci\u00f3n neum\u00e1tica, base de aluminio de cinco radios.<\/p>\n<p>Altura del asiento: 45\/56 cm<br \/>\nAnchura del asiento: 49cm<br \/>\nProfundidad del asiento: 47cm<\/p>\n","protected":false},"featured_media":15747,"template":"","meta":{"_acf_changed":false,"inline_featured_image":false},"product_brand":[],"product_cat":[691],"product_tag":[831],"class_list":{"0":"post-15738","1":"product","2":"type-product","3":"status-publish","4":"has-post-thumbnail","6":"product_cat-oficina","7":"product_tag-steelcase-es","9":"first","10":"instock","11":"shipping-taxable","12":"purchasable","13":"product-type-simple"},"acf":[],"aioseo_notices":[],"_links":{"self":[{"href":"https:\/\/ikonisch.pt\/es\/wp-json\/wp\/v2\/product\/15738","targetHints":{"allow":["GET"]}}],"collection":[{"href":"https:\/\/ikonisch.pt\/es\/wp-json\/wp\/v2\/product"}],"about":[{"href":"https:\/\/ikonisch.pt\/es\/wp-json\/wp\/v2\/types\/product"}],"wp:featuredmedia":[{"embeddable":true,"href":"https:\/\/ikonisch.pt\/es\/wp-json\/wp\/v2\/media\/15747"}],"wp:attachment":[{"href":"https:\/\/ikonisch.pt\/es\/wp-json\/wp\/v2\/media?parent=15738"}],"wp:term":[{"taxonomy":"product_brand","embeddable":true,"href":"https:\/\/ikonisch.pt\/es\/wp-json\/wp\/v2\/product_brand?post=15738"},{"taxonomy":"product_cat","embeddable":true,"href":"https:\/\/ikonisch.pt\/es\/wp-json\/wp\/v2\/product_cat?post=15738"},{"taxonomy":"product_tag","embeddable":true,"href":"https:\/\/ikonisch.pt\/es\/wp-json\/wp\/v2\/product_tag?post=15738"}],"curies":[{"name":"wp","href":"https:\/\/api.w.org\/{rel}","templated":true}]}}