{"id":15777,"date":"2023-09-11T13:49:43","date_gmt":"2023-09-11T13:49:43","guid":{"rendered":"https:\/\/ikonisch.pt\/?post_type=product&#038;p=15777"},"modified":"2023-09-11T14:10:50","modified_gmt":"2023-09-11T14:10:50","slug":"silla-dis-dynamobel","status":"publish","type":"product","link":"https:\/\/ikonisch.pt\/es\/produtos\/silla-dis-dynamobel\/","title":{"rendered":"Silla DIS &#8211; Dynamobel"},"content":{"rendered":"","protected":false},"excerpt":{"rendered":"<p>Silla de visita reacondicionada con reposabrazos, dise\u00f1ada por Mario Ruiz, esta silla de dise\u00f1o rectangular es una pieza \u00fanica que a\u00fan hoy responde a espacios de concepto minimalista. Un modelo atemporal con formas muy distintivas, esta silla es excepcionalmente c\u00f3moda y caracteriza plenamente los mejores a\u00f1os del dise\u00f1o espa\u00f1ol.<\/p>\n<p>Es una silla muy vers\u00e1til que puede utilizarse en zonas comunes, salas polivalentes, salas de reuniones, conferencias o formaci\u00f3n.<\/p>\n<p>Atenci\u00f3n: Precio unitario.<\/p>\n","protected":false},"featured_media":15849,"template":"","meta":{"_acf_changed":false,"inline_featured_image":false},"product_brand":[],"product_cat":[691],"product_tag":[744,1873],"class_list":{"0":"post-15777","1":"product","2":"type-product","3":"status-publish","4":"has-post-thumbnail","6":"product_cat-oficina","7":"product_tag-dynamobel-es","8":"product_tag-mario-ruiz-es","10":"first","11":"outofstock","12":"shipping-taxable","13":"purchasable","14":"product-type-simple"},"acf":[],"aioseo_notices":[],"_links":{"self":[{"href":"https:\/\/ikonisch.pt\/es\/wp-json\/wp\/v2\/product\/15777","targetHints":{"allow":["GET"]}}],"collection":[{"href":"https:\/\/ikonisch.pt\/es\/wp-json\/wp\/v2\/product"}],"about":[{"href":"https:\/\/ikonisch.pt\/es\/wp-json\/wp\/v2\/types\/product"}],"wp:featuredmedia":[{"embeddable":true,"href":"https:\/\/ikonisch.pt\/es\/wp-json\/wp\/v2\/media\/15849"}],"wp:attachment":[{"href":"https:\/\/ikonisch.pt\/es\/wp-json\/wp\/v2\/media?parent=15777"}],"wp:term":[{"taxonomy":"product_brand","embeddable":true,"href":"https:\/\/ikonisch.pt\/es\/wp-json\/wp\/v2\/product_brand?post=15777"},{"taxonomy":"product_cat","embeddable":true,"href":"https:\/\/ikonisch.pt\/es\/wp-json\/wp\/v2\/product_cat?post=15777"},{"taxonomy":"product_tag","embeddable":true,"href":"https:\/\/ikonisch.pt\/es\/wp-json\/wp\/v2\/product_tag?post=15777"}],"curies":[{"name":"wp","href":"https:\/\/api.w.org\/{rel}","templated":true}]}}