{"id":15854,"date":"2023-09-14T11:46:36","date_gmt":"2023-09-14T11:46:37","guid":{"rendered":"https:\/\/ikonisch.pt\/?post_type=product&#038;p=15854"},"modified":"2024-12-19T14:21:33","modified_gmt":"2024-12-19T14:21:33","slug":"sofa-modular-fargo-boconcept-es","status":"publish","type":"product","link":"https:\/\/ikonisch.pt\/es\/produtos\/sofa-modular-fargo-boconcept-es\/","title":{"rendered":"Sof\u00e1 Modular Fargo &#8211; BoConcept"},"content":{"rendered":"","protected":false},"excerpt":{"rendered":"<p>Sof\u00e1 esquinero compuesto por 3 m\u00f3dulos extra\u00edbles de estilo moderno con poco uso y muy cuidado. El sof\u00e1 Fargo ha sido dise\u00f1ado para BO Concept por el dise\u00f1ador Anders N\u00f8rgaard. Acabado en piel natural, este sof\u00e1 destaca por sus l\u00edneas elegantes y modernas que invitan a toda la familia y amigos a sentarse y sentirse c\u00f3modos. Tiene la flexibilidad de adaptarse a diferentes espacios y ambientes, creando el volumen adecuado para su espacio vital.<\/p>\n","protected":false},"featured_media":15857,"template":"","meta":{"_acf_changed":false,"inline_featured_image":false},"product_brand":[],"product_cat":[697],"product_tag":[2191,723],"class_list":{"0":"post-15854","1":"product","2":"type-product","3":"status-publish","4":"has-post-thumbnail","6":"product_cat-sofas-y-sillones","7":"product_tag-anders-norgaard-es","8":"product_tag-boconcept-es","10":"first","11":"outofstock","12":"shipping-taxable","13":"purchasable","14":"product-type-simple"},"acf":[],"aioseo_notices":[],"_links":{"self":[{"href":"https:\/\/ikonisch.pt\/es\/wp-json\/wp\/v2\/product\/15854","targetHints":{"allow":["GET"]}}],"collection":[{"href":"https:\/\/ikonisch.pt\/es\/wp-json\/wp\/v2\/product"}],"about":[{"href":"https:\/\/ikonisch.pt\/es\/wp-json\/wp\/v2\/types\/product"}],"wp:featuredmedia":[{"embeddable":true,"href":"https:\/\/ikonisch.pt\/es\/wp-json\/wp\/v2\/media\/15857"}],"wp:attachment":[{"href":"https:\/\/ikonisch.pt\/es\/wp-json\/wp\/v2\/media?parent=15854"}],"wp:term":[{"taxonomy":"product_brand","embeddable":true,"href":"https:\/\/ikonisch.pt\/es\/wp-json\/wp\/v2\/product_brand?post=15854"},{"taxonomy":"product_cat","embeddable":true,"href":"https:\/\/ikonisch.pt\/es\/wp-json\/wp\/v2\/product_cat?post=15854"},{"taxonomy":"product_tag","embeddable":true,"href":"https:\/\/ikonisch.pt\/es\/wp-json\/wp\/v2\/product_tag?post=15854"}],"curies":[{"name":"wp","href":"https:\/\/api.w.org\/{rel}","templated":true}]}}