{"id":15914,"date":"2023-09-14T12:52:45","date_gmt":"2023-09-14T12:52:45","guid":{"rendered":"https:\/\/ikonisch.pt\/?post_type=product&#038;p=15914"},"modified":"2023-09-14T13:20:53","modified_gmt":"2023-09-14T13:20:53","slug":"sofa-individual-clasico-estilo-italiano-es","status":"publish","type":"product","link":"https:\/\/ikonisch.pt\/es\/produtos\/sofa-individual-clasico-estilo-italiano-es\/","title":{"rendered":"Sof\u00e1 individual cl\u00e1sico &#8211; estilo italiano"},"content":{"rendered":"","protected":false},"excerpt":{"rendered":"<p>Conjunto de sof\u00e1s individuales inspirados en la Escuela Bauhaus, con formas org\u00e1nicas y confortables y detalles ergon\u00f3micos de la \u00e9poca. Fabricados totalmente en madera de eucalipto y con correas el\u00e1sticas recubiertas de espuma y acabados en tela nueva de primera calidad.<\/p>\n<p>Atenci\u00f3n: Precio unitario<\/p>\n","protected":false},"featured_media":15917,"template":"","meta":{"_acf_changed":false,"inline_featured_image":false},"product_brand":[],"product_cat":[690,697],"product_tag":[],"class_list":{"0":"post-15914","1":"product","2":"type-product","3":"status-publish","4":"has-post-thumbnail","6":"product_cat-hogar","7":"product_cat-sofas-y-sillones","9":"first","10":"outofstock","11":"shipping-taxable","12":"purchasable","13":"product-type-simple"},"acf":[],"aioseo_notices":[],"_links":{"self":[{"href":"https:\/\/ikonisch.pt\/es\/wp-json\/wp\/v2\/product\/15914","targetHints":{"allow":["GET"]}}],"collection":[{"href":"https:\/\/ikonisch.pt\/es\/wp-json\/wp\/v2\/product"}],"about":[{"href":"https:\/\/ikonisch.pt\/es\/wp-json\/wp\/v2\/types\/product"}],"wp:featuredmedia":[{"embeddable":true,"href":"https:\/\/ikonisch.pt\/es\/wp-json\/wp\/v2\/media\/15917"}],"wp:attachment":[{"href":"https:\/\/ikonisch.pt\/es\/wp-json\/wp\/v2\/media?parent=15914"}],"wp:term":[{"taxonomy":"product_brand","embeddable":true,"href":"https:\/\/ikonisch.pt\/es\/wp-json\/wp\/v2\/product_brand?post=15914"},{"taxonomy":"product_cat","embeddable":true,"href":"https:\/\/ikonisch.pt\/es\/wp-json\/wp\/v2\/product_cat?post=15914"},{"taxonomy":"product_tag","embeddable":true,"href":"https:\/\/ikonisch.pt\/es\/wp-json\/wp\/v2\/product_tag?post=15914"}],"curies":[{"name":"wp","href":"https:\/\/api.w.org\/{rel}","templated":true}]}}