{"id":15976,"date":"2023-09-19T14:47:54","date_gmt":"2023-09-19T14:47:54","guid":{"rendered":"https:\/\/ikonisch.pt\/?post_type=product&#038;p=15976"},"modified":"2024-02-15T10:49:09","modified_gmt":"2024-02-15T10:49:09","slug":"sillon-tulip-de-wanders-cappellini","status":"publish","type":"product","link":"https:\/\/ikonisch.pt\/es\/produtos\/sillon-tulip-de-wanders-cappellini\/","title":{"rendered":"Sill\u00f3n Tulip de Wanders &#8211; Cappellini"},"content":{"rendered":"<p>Cappellini fabrica muebles, iluminaci\u00f3n y accesorios para el hogar y la empresa. Los dise\u00f1os, elaborados por expertos y fabricados con los mejores materiales, est\u00e1n hechos para durar toda la vida. Los dise\u00f1os de Cappellini son \u00fanicos y famosos por su ingeniosa apariencia.<\/p>\n","protected":false},"excerpt":{"rendered":"<p>El sill\u00f3n Tulip de Marcel Wanders para Cappellini es una pieza importante para cualquier colecci\u00f3n con un dise\u00f1o fresco y alegre, esta reinterpretaci\u00f3n de las dimensiones alargadas y sobredimensionadas del sill\u00f3n cl\u00e1sico han colocado a este ic\u00f3nico sill\u00f3n en un lugar destacado en la historia del dise\u00f1o mundial habiendo ganado un distinguido premio en la certificaci\u00f3n Greenguard Gold. Con una estructura de fibra y armaz\u00f3n de poliuretano blando co-inyectado con poliuretano r\u00edgido, el revestimiento est\u00e1 hecho de capas de espuma y acr\u00edlico; con una funda fija de tela, imitando el tallo de una flor, con una base giratoria brillante de metal lacado oscuro proporcionando el soporte.<\/p>\n","protected":false},"featured_media":17022,"template":"","meta":{"_acf_changed":false,"inline_featured_image":false},"product_brand":[],"product_cat":[690,691,697],"product_tag":[730,1148],"class_list":{"0":"post-15976","1":"product","2":"type-product","3":"status-publish","4":"has-post-thumbnail","6":"product_cat-hogar","7":"product_cat-oficina","8":"product_cat-sofas-y-sillones","9":"product_tag-cappellini-es","10":"product_tag-marcel-wanders-es","12":"first","13":"outofstock","14":"shipping-taxable","15":"purchasable","16":"product-type-simple"},"acf":[],"aioseo_notices":[],"_links":{"self":[{"href":"https:\/\/ikonisch.pt\/es\/wp-json\/wp\/v2\/product\/15976","targetHints":{"allow":["GET"]}}],"collection":[{"href":"https:\/\/ikonisch.pt\/es\/wp-json\/wp\/v2\/product"}],"about":[{"href":"https:\/\/ikonisch.pt\/es\/wp-json\/wp\/v2\/types\/product"}],"wp:featuredmedia":[{"embeddable":true,"href":"https:\/\/ikonisch.pt\/es\/wp-json\/wp\/v2\/media\/17022"}],"wp:attachment":[{"href":"https:\/\/ikonisch.pt\/es\/wp-json\/wp\/v2\/media?parent=15976"}],"wp:term":[{"taxonomy":"product_brand","embeddable":true,"href":"https:\/\/ikonisch.pt\/es\/wp-json\/wp\/v2\/product_brand?post=15976"},{"taxonomy":"product_cat","embeddable":true,"href":"https:\/\/ikonisch.pt\/es\/wp-json\/wp\/v2\/product_cat?post=15976"},{"taxonomy":"product_tag","embeddable":true,"href":"https:\/\/ikonisch.pt\/es\/wp-json\/wp\/v2\/product_tag?post=15976"}],"curies":[{"name":"wp","href":"https:\/\/api.w.org\/{rel}","templated":true}]}}