{"id":15980,"date":"2023-09-20T09:53:31","date_gmt":"2023-09-20T09:53:32","guid":{"rendered":"https:\/\/ikonisch.pt\/?post_type=product&#038;p=15980"},"modified":"2023-10-18T14:24:14","modified_gmt":"2023-10-18T14:24:14","slug":"escritorio-nordico-anos-80s-en-madera-teka","status":"publish","type":"product","link":"https:\/\/ikonisch.pt\/es\/produtos\/escritorio-nordico-anos-80s-en-madera-teka\/","title":{"rendered":"Escritorio n\u00f3rdico a\u00f1os 80\u2019s en madera Teka"},"content":{"rendered":"","protected":false},"excerpt":{"rendered":"<p>Escritorio en madera de Teka estilo n\u00f3rdico, totalmente restaurado con acabado de \u00e9poca. Constituida por dos bloques estructurales de 4 cajones cada uno y un caj\u00f3n en la zona central. Parte delantera con dos estanter\u00edas laterales y un peque\u00f1o archivo con puertas correderas todas \u00e9stas hechas con un estante amiv\u00edvel.<\/p>\n","protected":false},"featured_media":16737,"template":"","meta":{"_acf_changed":false,"inline_featured_image":false},"product_brand":[],"product_cat":[691],"product_tag":[],"class_list":{"0":"post-15980","1":"product","2":"type-product","3":"status-publish","4":"has-post-thumbnail","6":"product_cat-oficina","8":"first","9":"outofstock","10":"shipping-taxable","11":"purchasable","12":"product-type-simple"},"acf":[],"aioseo_notices":[],"_links":{"self":[{"href":"https:\/\/ikonisch.pt\/es\/wp-json\/wp\/v2\/product\/15980","targetHints":{"allow":["GET"]}}],"collection":[{"href":"https:\/\/ikonisch.pt\/es\/wp-json\/wp\/v2\/product"}],"about":[{"href":"https:\/\/ikonisch.pt\/es\/wp-json\/wp\/v2\/types\/product"}],"wp:featuredmedia":[{"embeddable":true,"href":"https:\/\/ikonisch.pt\/es\/wp-json\/wp\/v2\/media\/16737"}],"wp:attachment":[{"href":"https:\/\/ikonisch.pt\/es\/wp-json\/wp\/v2\/media?parent=15980"}],"wp:term":[{"taxonomy":"product_brand","embeddable":true,"href":"https:\/\/ikonisch.pt\/es\/wp-json\/wp\/v2\/product_brand?post=15980"},{"taxonomy":"product_cat","embeddable":true,"href":"https:\/\/ikonisch.pt\/es\/wp-json\/wp\/v2\/product_cat?post=15980"},{"taxonomy":"product_tag","embeddable":true,"href":"https:\/\/ikonisch.pt\/es\/wp-json\/wp\/v2\/product_tag?post=15980"}],"curies":[{"name":"wp","href":"https:\/\/api.w.org\/{rel}","templated":true}]}}