{"id":15992,"date":"2023-09-20T10:23:44","date_gmt":"2023-09-20T10:23:45","guid":{"rendered":"https:\/\/ikonisch.pt\/?post_type=product&#038;p=15992"},"modified":"2024-12-19T14:10:11","modified_gmt":"2024-12-19T14:10:11","slug":"sillon-harbor-work-lounge-con-otomana-haworth","status":"publish","type":"product","link":"https:\/\/ikonisch.pt\/es\/produtos\/sillon-harbor-work-lounge-con-otomana-haworth\/","title":{"rendered":"Sill\u00f3n Harbor Work Lounge con otomana &#8211; Haworth"},"content":{"rendered":"<p>Haworth es uno de los mayores fabricantes de mobiliario de oficina del mundo. Haworth invierte mucho tiempo en el desarrollo de nuevos muebles, al tiempo que se centra en la sostenibilidad, el desarrollo de productos y el reciclaje. Al decidirse por el mobiliario Haworth, est\u00e1 optando por productos respetuosos con el medio ambiente. Haworth tiene la soluci\u00f3n perfecta para cada lugar de trabajo.<\/p>\n","protected":false},"excerpt":{"rendered":"<p>Sill\u00f3n individual con mesa retr\u00e1ctil y reposapi\u00e9s. Galardonado con el segundo premio al mejor dise\u00f1o en Neocon, este sill\u00f3n ha sido totalmente desarrollado para responder a las nuevas formas de trabajar en la empresa o en casa con total ergonom\u00eda y confort, con un conjunto de funcionalidades que permiten al usuario tener a su alcance todas las herramientas \u00fatiles para su trabajo, centr\u00e1ndose en lo esencial.<\/p>\n<p>Medidas de la otomana: 63,2 x 45,5 cm y altura: 42\/50 cm.<\/p>\n","protected":false},"featured_media":16104,"template":"","meta":{"_acf_changed":false,"inline_featured_image":false},"product_brand":[],"product_cat":[691,697],"product_tag":[761,2188],"class_list":{"0":"post-15992","1":"product","2":"type-product","3":"status-publish","4":"has-post-thumbnail","6":"product_cat-oficina","7":"product_cat-sofas-y-sillones","8":"product_tag-haworth-es","9":"product_tag-nicolai-czumaj-bront-es","11":"first","12":"outofstock","13":"shipping-taxable","14":"purchasable","15":"product-type-simple"},"acf":[],"aioseo_notices":[],"_links":{"self":[{"href":"https:\/\/ikonisch.pt\/es\/wp-json\/wp\/v2\/product\/15992","targetHints":{"allow":["GET"]}}],"collection":[{"href":"https:\/\/ikonisch.pt\/es\/wp-json\/wp\/v2\/product"}],"about":[{"href":"https:\/\/ikonisch.pt\/es\/wp-json\/wp\/v2\/types\/product"}],"wp:featuredmedia":[{"embeddable":true,"href":"https:\/\/ikonisch.pt\/es\/wp-json\/wp\/v2\/media\/16104"}],"wp:attachment":[{"href":"https:\/\/ikonisch.pt\/es\/wp-json\/wp\/v2\/media?parent=15992"}],"wp:term":[{"taxonomy":"product_brand","embeddable":true,"href":"https:\/\/ikonisch.pt\/es\/wp-json\/wp\/v2\/product_brand?post=15992"},{"taxonomy":"product_cat","embeddable":true,"href":"https:\/\/ikonisch.pt\/es\/wp-json\/wp\/v2\/product_cat?post=15992"},{"taxonomy":"product_tag","embeddable":true,"href":"https:\/\/ikonisch.pt\/es\/wp-json\/wp\/v2\/product_tag?post=15992"}],"curies":[{"name":"wp","href":"https:\/\/api.w.org\/{rel}","templated":true}]}}