{"id":16363,"date":"2023-10-12T09:56:38","date_gmt":"2023-10-12T09:56:38","guid":{"rendered":"https:\/\/ikonisch.pt\/?post_type=product&#038;p=16363"},"modified":"2024-10-18T10:56:10","modified_gmt":"2024-10-18T10:56:10","slug":"sillon-cip-cip-trussardi-casa","status":"publish","type":"product","link":"https:\/\/ikonisch.pt\/es\/produtos\/sillon-cip-cip-trussardi-casa\/","title":{"rendered":"Sill\u00f3n Cip Cip &#8211; Trussardi Casa"},"content":{"rendered":"","protected":false},"excerpt":{"rendered":"<p>Sill\u00f3n individual distintivo con una forma ecl\u00e9ctica e ir\u00f3nica que ofrece un dise\u00f1o ic\u00f3nico con una forma afilada y sinuosa. Estructura con asiento y respaldo de fibra moldeada \u00abBAYDUR\u00bb con revestimiento de espuma de alta densidad inyectada en fr\u00edo, acabado en tejido azul. Base de acero con acabado gunmetal<\/p>\n<p><strong>Realizamos entregas a nivel mundial. Para env\u00edos fuera de Portugal y Espa\u00f1a, por favor, cont\u00e1ctenos para recibir un presupuesto personalizado.<\/strong><\/p>\n<p>Para m\u00e1s informaci\u00f3n sobre precios, p\u00f3ngase en contacto con nosotros por correo electr\u00f3nico en\u00a0<a href=\"mailto:info@ikonisch.pt\"><strong>info@ikonisch.pt<\/strong><\/a>\u00a0o por tel\u00e9fono en el\u00a0<strong>+351 913 068 270<\/strong>.<\/p>\n","protected":false},"featured_media":31175,"template":"","meta":{"_acf_changed":false,"inline_featured_image":false},"product_brand":[],"product_cat":[697],"product_tag":[1171,1170],"class_list":{"0":"post-16363","1":"product","2":"type-product","3":"status-publish","4":"has-post-thumbnail","6":"product_cat-sofas-y-sillones","7":"product_tag-carlo-colombo-es","8":"product_tag-trussardi-casa-es","10":"first","11":"outofstock","12":"shipping-taxable","13":"purchasable","14":"product-type-simple"},"acf":[],"aioseo_notices":[],"_links":{"self":[{"href":"https:\/\/ikonisch.pt\/es\/wp-json\/wp\/v2\/product\/16363","targetHints":{"allow":["GET"]}}],"collection":[{"href":"https:\/\/ikonisch.pt\/es\/wp-json\/wp\/v2\/product"}],"about":[{"href":"https:\/\/ikonisch.pt\/es\/wp-json\/wp\/v2\/types\/product"}],"wp:featuredmedia":[{"embeddable":true,"href":"https:\/\/ikonisch.pt\/es\/wp-json\/wp\/v2\/media\/31175"}],"wp:attachment":[{"href":"https:\/\/ikonisch.pt\/es\/wp-json\/wp\/v2\/media?parent=16363"}],"wp:term":[{"taxonomy":"product_brand","embeddable":true,"href":"https:\/\/ikonisch.pt\/es\/wp-json\/wp\/v2\/product_brand?post=16363"},{"taxonomy":"product_cat","embeddable":true,"href":"https:\/\/ikonisch.pt\/es\/wp-json\/wp\/v2\/product_cat?post=16363"},{"taxonomy":"product_tag","embeddable":true,"href":"https:\/\/ikonisch.pt\/es\/wp-json\/wp\/v2\/product_tag?post=16363"}],"curies":[{"name":"wp","href":"https:\/\/api.w.org\/{rel}","templated":true}]}}