{"id":16411,"date":"2023-10-12T12:48:22","date_gmt":"2023-10-12T12:48:23","guid":{"rendered":"https:\/\/ikonisch.pt\/?post_type=product&#038;p=16411"},"modified":"2024-02-12T13:06:13","modified_gmt":"2024-02-12T13:06:13","slug":"taburete-de-bar-rocket-artek","status":"publish","type":"product","link":"https:\/\/ikonisch.pt\/es\/produtos\/taburete-de-bar-rocket-artek\/","title":{"rendered":"Taburete de bar Rocket &#8211; Artek"},"content":{"rendered":"<p>Las ra\u00edces finlandesas de Artek se reflejan innegablemente en sus productos, con dise\u00f1os ultramodernos y duraderos, que combinan el arte moderno y las comodidades de la vida. Muchas sillas, mesas, pantallas de l\u00e1mparas y otros muebles de Artek se basan en esta filosof\u00eda. Uno de los dise\u00f1adores m\u00e1s famosos de Artek es Alvar Aalto, cuyos dise\u00f1os se incorporan a innumerables productos Artek. La vers\u00e1til gama de Artek puede encontrarse en espacios p\u00fablicos, viviendas particulares, museos, escuelas, restaurantes, hoteles y oficinas.<\/p>\n","protected":false},"excerpt":{"rendered":"<p>El original taburete de bar Rocket EA001 de Artek con una estructura fabricada \u00edntegramente en madera maciza de roble con un revestimiento de color negro. Inspirado en un cohete, este taburete destaca por su forma org\u00e1nica, divertida y s\u00f3lida. Muchas de las piezas de Eero Aarnio forman parte de los museos m\u00e1s prestigiosos del mundo.<\/p>\n<p>Los taburetes de bar han sido completamente reacondicionados, la madera lijada y pintada en su color original.<br \/>\nTienen un aspecto fant\u00e1stico y est\u00e1n como nuevos.<\/p>\n<p>Atenci\u00f3n: Precio unitario.<\/p>\n","protected":false},"featured_media":31149,"template":"","meta":{"_acf_changed":false,"inline_featured_image":false},"product_brand":[],"product_cat":[688],"product_tag":[713,1165],"class_list":{"0":"post-16411","1":"product","2":"type-product","3":"status-publish","4":"has-post-thumbnail","6":"product_cat-bancos-y-pufs","7":"product_tag-artek-es","8":"product_tag-eero-aarnio-es","10":"first","11":"outofstock","12":"shipping-taxable","13":"purchasable","14":"product-type-simple"},"acf":[],"aioseo_notices":[],"_links":{"self":[{"href":"https:\/\/ikonisch.pt\/es\/wp-json\/wp\/v2\/product\/16411","targetHints":{"allow":["GET"]}}],"collection":[{"href":"https:\/\/ikonisch.pt\/es\/wp-json\/wp\/v2\/product"}],"about":[{"href":"https:\/\/ikonisch.pt\/es\/wp-json\/wp\/v2\/types\/product"}],"wp:featuredmedia":[{"embeddable":true,"href":"https:\/\/ikonisch.pt\/es\/wp-json\/wp\/v2\/media\/31149"}],"wp:attachment":[{"href":"https:\/\/ikonisch.pt\/es\/wp-json\/wp\/v2\/media?parent=16411"}],"wp:term":[{"taxonomy":"product_brand","embeddable":true,"href":"https:\/\/ikonisch.pt\/es\/wp-json\/wp\/v2\/product_brand?post=16411"},{"taxonomy":"product_cat","embeddable":true,"href":"https:\/\/ikonisch.pt\/es\/wp-json\/wp\/v2\/product_cat?post=16411"},{"taxonomy":"product_tag","embeddable":true,"href":"https:\/\/ikonisch.pt\/es\/wp-json\/wp\/v2\/product_tag?post=16411"}],"curies":[{"name":"wp","href":"https:\/\/api.w.org\/{rel}","templated":true}]}}