{"id":16423,"date":"2023-10-12T14:44:26","date_gmt":"2023-10-12T14:44:26","guid":{"rendered":"https:\/\/ikonisch.pt\/?post_type=product&#038;p=16423"},"modified":"2024-02-12T13:02:15","modified_gmt":"2024-02-12T13:02:15","slug":"sofa-individual-archibald-poltrona-frau-2","status":"publish","type":"product","link":"https:\/\/ikonisch.pt\/es\/produtos\/sofa-individual-archibald-poltrona-frau-2\/","title":{"rendered":"Sof\u00e1 individual Archibald &#8211; Poltrona Frau"},"content":{"rendered":"<p>Renzo Frau fund\u00f3 Poltrona Frau en Tur\u00edn en 1912. En los a\u00f1os 30 ya era un s\u00edmbolo de estatus. A partir de 1926 fue nombrado proveedor de la familia real italiana, la dinast\u00eda Savoia. A partir de entonces, suministrar\u00eda a todas las casas m\u00e1s importantes, a grandes hoteles, a los interiores de la Expo Tur\u00edn 1928 y al lujoso transatl\u00e1ntico Rex, orgullo de la Marina italiana.<\/p>\n","protected":false},"excerpt":{"rendered":"<p>El sof\u00e1 individual Archibald de Jean-Marie Massaud, producido por Poltrona Frau, es una pieza \u00fanica que enriquece las colecciones de Poltrona Frau, combinando tradici\u00f3n y experiencia con un dise\u00f1o innovador. Con un asiento ancho y profundo, ofrece el m\u00e1ximo confort para los momentos de meditaci\u00f3n o relajaci\u00f3n. La base estrecha y esbelta, con patas de aluminio fundido y armaz\u00f3n de tubo de acero, le confiere un aspecto elegante y armonioso. Disponible en talla \u00fanica, puede tapizarse en Pelle Frau\u00ae ref. SIENA , con costuras tono sobre tono. La estructura de soporte de acero y el relleno de espuma de poliuretano enriquecido con guata de poli\u00e9ster garantizan durabilidad y confort.<\/p>\n<p>Atenci\u00f3n: Precio unitario.<\/p>\n","protected":false},"featured_media":16519,"template":"","meta":{"_acf_changed":false,"inline_featured_image":false},"product_brand":[],"product_cat":[690,691,697],"product_tag":[1105,822],"class_list":{"0":"post-16423","1":"product","2":"type-product","3":"status-publish","4":"has-post-thumbnail","6":"product_cat-hogar","7":"product_cat-oficina","8":"product_cat-sofas-y-sillones","9":"product_tag-jean-marie-massaud-es","10":"product_tag-poltrona-frau-es","12":"first","13":"outofstock","14":"shipping-taxable","15":"purchasable","16":"product-type-simple"},"acf":[],"aioseo_notices":[],"_links":{"self":[{"href":"https:\/\/ikonisch.pt\/es\/wp-json\/wp\/v2\/product\/16423","targetHints":{"allow":["GET"]}}],"collection":[{"href":"https:\/\/ikonisch.pt\/es\/wp-json\/wp\/v2\/product"}],"about":[{"href":"https:\/\/ikonisch.pt\/es\/wp-json\/wp\/v2\/types\/product"}],"wp:featuredmedia":[{"embeddable":true,"href":"https:\/\/ikonisch.pt\/es\/wp-json\/wp\/v2\/media\/16519"}],"wp:attachment":[{"href":"https:\/\/ikonisch.pt\/es\/wp-json\/wp\/v2\/media?parent=16423"}],"wp:term":[{"taxonomy":"product_brand","embeddable":true,"href":"https:\/\/ikonisch.pt\/es\/wp-json\/wp\/v2\/product_brand?post=16423"},{"taxonomy":"product_cat","embeddable":true,"href":"https:\/\/ikonisch.pt\/es\/wp-json\/wp\/v2\/product_cat?post=16423"},{"taxonomy":"product_tag","embeddable":true,"href":"https:\/\/ikonisch.pt\/es\/wp-json\/wp\/v2\/product_tag?post=16423"}],"curies":[{"name":"wp","href":"https:\/\/api.w.org\/{rel}","templated":true}]}}