{"id":16799,"date":"2023-10-25T15:16:54","date_gmt":"2023-10-25T15:16:54","guid":{"rendered":"https:\/\/ikonisch.pt\/?post_type=product&#038;p=16799"},"modified":"2023-10-27T11:26:06","modified_gmt":"2023-10-27T11:26:06","slug":"silla-modelo-ea124-vitra","status":"publish","type":"product","link":"https:\/\/ikonisch.pt\/es\/produtos\/silla-modelo-ea124-vitra\/","title":{"rendered":"Silla EA124 &#8211; Vitra"},"content":{"rendered":"<p>Vitra es una empresa Suiza que se dedica a mejorar la calidad de las casas, oficinas y espacios p\u00fablicos a trav\u00e9s del poder del dise\u00f1o. Una colecci\u00f3n Vitra presenta varios productos ic\u00f3nicos de dise\u00f1adores de renombre mundial, como la Chair Lounge de Ray &amp; Charles Eames y la Panton Chair con el nombre del propio Verner Panton. Los diferentes estilos de la marca demuestran su versatilidad y cada dise\u00f1ador individual tiene su propia firma de dise\u00f1o.<\/p>\n","protected":false},"excerpt":{"rendered":"<p>La silla\/sill\u00f3n EA 124 forma parte de la colecci\u00f3n Eames Aluminium Chair producida por Vitra y caracterizada, como todas las piezas de mobiliario Eames, por la combinaci\u00f3n inteligente de materiales. Los paneles laterales, los soportes de fijaci\u00f3n, la estructura y la base est\u00e1n hechos de aluminio fundido sobre el cual se estira un asiento de tejido de tolva. El respaldo alto con coj\u00edn proporciona, junto con un mecanismo de inclinaci\u00f3n trasera ajustable, una comodidad de asiento verdaderamente excelente.<\/p>\n","protected":false},"featured_media":16850,"template":"","meta":{"_acf_changed":false,"inline_featured_image":false},"product_brand":[],"product_cat":[691],"product_tag":[735,848],"class_list":{"0":"post-16799","1":"product","2":"type-product","3":"status-publish","4":"has-post-thumbnail","6":"product_cat-oficina","7":"product_tag-charles-ray-eames-es","8":"product_tag-vitra-es","10":"first","11":"outofstock","12":"shipping-taxable","13":"purchasable","14":"product-type-simple"},"acf":[],"aioseo_notices":[],"_links":{"self":[{"href":"https:\/\/ikonisch.pt\/es\/wp-json\/wp\/v2\/product\/16799","targetHints":{"allow":["GET"]}}],"collection":[{"href":"https:\/\/ikonisch.pt\/es\/wp-json\/wp\/v2\/product"}],"about":[{"href":"https:\/\/ikonisch.pt\/es\/wp-json\/wp\/v2\/types\/product"}],"wp:featuredmedia":[{"embeddable":true,"href":"https:\/\/ikonisch.pt\/es\/wp-json\/wp\/v2\/media\/16850"}],"wp:attachment":[{"href":"https:\/\/ikonisch.pt\/es\/wp-json\/wp\/v2\/media?parent=16799"}],"wp:term":[{"taxonomy":"product_brand","embeddable":true,"href":"https:\/\/ikonisch.pt\/es\/wp-json\/wp\/v2\/product_brand?post=16799"},{"taxonomy":"product_cat","embeddable":true,"href":"https:\/\/ikonisch.pt\/es\/wp-json\/wp\/v2\/product_cat?post=16799"},{"taxonomy":"product_tag","embeddable":true,"href":"https:\/\/ikonisch.pt\/es\/wp-json\/wp\/v2\/product_tag?post=16799"}],"curies":[{"name":"wp","href":"https:\/\/api.w.org\/{rel}","templated":true}]}}