{"id":17086,"date":"2023-10-31T10:58:52","date_gmt":"2023-10-31T10:58:52","guid":{"rendered":"https:\/\/ikonisch.pt\/?post_type=product&#038;p=17086"},"modified":"2024-02-12T12:58:27","modified_gmt":"2024-02-12T12:58:27","slug":"silla-elle-072-con-tela-camira-alias","status":"publish","type":"product","link":"https:\/\/ikonisch.pt\/es\/produtos\/silla-elle-072-con-tela-camira-alias\/","title":{"rendered":"Silla Elle 072 con tela Camira &#8211; Alias"},"content":{"rendered":"<p>La empresa italiana Alias se fund\u00f3 en 1979 y produce muebles de gran importancia para el desarrollo del dise\u00f1o de interiores italiano. Versatilidad, innovaci\u00f3n y ligereza tecnol\u00f3gica son los principales valores de la empresa y la principal motivaci\u00f3n para que varios dise\u00f1adores de renombre den su nombre a Alias. A lo largo de los a\u00f1os, Alias ha conseguido llevar el talento de cada uno de estos dise\u00f1adores al primer plano de su gama de productos.<\/p>\n","protected":false},"excerpt":{"rendered":"<p>Silla fija con reposabrazos modelo Elle -072 dise\u00f1ada por Eugeni Quitllet para Alias. Estructura de aluminio pintado en blanco, asiento y respaldo monocasco de poliuretano TECH acabado en tejido CAMIRA.<\/p>\n<p>Las sillas pertenecieron a una exposici\u00f3n. Est\u00e1n como nuevas.<\/p>\n","protected":false},"featured_media":17128,"template":"","meta":{"_acf_changed":false,"inline_featured_image":false},"product_brand":[],"product_cat":[689],"product_tag":[701,1162],"class_list":{"0":"post-17086","1":"product","2":"type-product","3":"status-publish","4":"has-post-thumbnail","6":"product_cat-sillas","7":"product_tag-alias-es","8":"product_tag-eugeni-quitllet-es","10":"first","11":"outofstock","12":"shipping-taxable","13":"purchasable","14":"product-type-simple"},"acf":[],"aioseo_notices":[],"_links":{"self":[{"href":"https:\/\/ikonisch.pt\/es\/wp-json\/wp\/v2\/product\/17086","targetHints":{"allow":["GET"]}}],"collection":[{"href":"https:\/\/ikonisch.pt\/es\/wp-json\/wp\/v2\/product"}],"about":[{"href":"https:\/\/ikonisch.pt\/es\/wp-json\/wp\/v2\/types\/product"}],"wp:featuredmedia":[{"embeddable":true,"href":"https:\/\/ikonisch.pt\/es\/wp-json\/wp\/v2\/media\/17128"}],"wp:attachment":[{"href":"https:\/\/ikonisch.pt\/es\/wp-json\/wp\/v2\/media?parent=17086"}],"wp:term":[{"taxonomy":"product_brand","embeddable":true,"href":"https:\/\/ikonisch.pt\/es\/wp-json\/wp\/v2\/product_brand?post=17086"},{"taxonomy":"product_cat","embeddable":true,"href":"https:\/\/ikonisch.pt\/es\/wp-json\/wp\/v2\/product_cat?post=17086"},{"taxonomy":"product_tag","embeddable":true,"href":"https:\/\/ikonisch.pt\/es\/wp-json\/wp\/v2\/product_tag?post=17086"}],"curies":[{"name":"wp","href":"https:\/\/api.w.org\/{rel}","templated":true}]}}