{"id":17238,"date":"2023-11-03T11:11:42","date_gmt":"2023-11-03T11:11:42","guid":{"rendered":"https:\/\/ikonisch.pt\/?post_type=product&#038;p=17238"},"modified":"2024-02-12T12:57:32","modified_gmt":"2024-02-12T12:57:32","slug":"sillon-big-easy-soft-moroso","status":"publish","type":"product","link":"https:\/\/ikonisch.pt\/es\/produtos\/sillon-big-easy-soft-moroso\/","title":{"rendered":"Sill\u00f3n Big Easy Soft &#8211; Moroso"},"content":{"rendered":"","protected":false},"excerpt":{"rendered":"<p>Ron Arad impone un estilo reconocible dominado en gran medida por las l\u00edneas curvas, como demuestra su famoso sill\u00f3n Big Easy. Este sill\u00f3n escultural de formas redondeadas y sensuales difumina los l\u00edmites entre arte y dise\u00f1o. El sill\u00f3n Big Easy se ha convertido en una especie de retrato del dise\u00f1ador anglo-israel\u00ed. En 1986, Ron Arad desarrolla un objeto emblem\u00e1tico en la historia del mueble: el famoso sill\u00f3n Club. Este es el punto de partida de una serie de variaciones sobre el tema del cl\u00e1sico sill\u00f3n Club. Con la colecci\u00f3n Big Easy, Ron Arad reinterpreta las formas c\u00f3modas y acogedoras del Club con una variedad de materiales modernos utilizando procesos de producci\u00f3n innovadores. El modelo Big Easy, creado hace m\u00e1s de 20 a\u00f1os (en 1988), sigue siendo hoy objeto de investigaci\u00f3n de Ron Arad.<\/p>\n<p>El Soft Big Easy es un sill\u00f3n con espuma inyectada ign\u00edfuga sobre un armaz\u00f3n interior de acero.<\/p>\n","protected":false},"featured_media":17241,"template":"","meta":{"_acf_changed":false,"inline_featured_image":false},"product_brand":[],"product_cat":[698,690,697],"product_tag":[802,1159],"class_list":{"0":"post-17238","1":"product","2":"type-product","3":"status-publish","4":"has-post-thumbnail","6":"product_cat-coleccion-vintage","7":"product_cat-hogar","8":"product_cat-sofas-y-sillones","9":"product_tag-moroso-es","10":"product_tag-ron-arad-es","12":"first","13":"outofstock","14":"shipping-taxable","15":"purchasable","16":"product-type-simple"},"acf":[],"aioseo_notices":[],"_links":{"self":[{"href":"https:\/\/ikonisch.pt\/es\/wp-json\/wp\/v2\/product\/17238","targetHints":{"allow":["GET"]}}],"collection":[{"href":"https:\/\/ikonisch.pt\/es\/wp-json\/wp\/v2\/product"}],"about":[{"href":"https:\/\/ikonisch.pt\/es\/wp-json\/wp\/v2\/types\/product"}],"wp:featuredmedia":[{"embeddable":true,"href":"https:\/\/ikonisch.pt\/es\/wp-json\/wp\/v2\/media\/17241"}],"wp:attachment":[{"href":"https:\/\/ikonisch.pt\/es\/wp-json\/wp\/v2\/media?parent=17238"}],"wp:term":[{"taxonomy":"product_brand","embeddable":true,"href":"https:\/\/ikonisch.pt\/es\/wp-json\/wp\/v2\/product_brand?post=17238"},{"taxonomy":"product_cat","embeddable":true,"href":"https:\/\/ikonisch.pt\/es\/wp-json\/wp\/v2\/product_cat?post=17238"},{"taxonomy":"product_tag","embeddable":true,"href":"https:\/\/ikonisch.pt\/es\/wp-json\/wp\/v2\/product_tag?post=17238"}],"curies":[{"name":"wp","href":"https:\/\/api.w.org\/{rel}","templated":true}]}}