{"id":17301,"date":"2023-11-03T11:41:56","date_gmt":"2023-11-03T11:41:56","guid":{"rendered":"https:\/\/ikonisch.pt\/?post_type=product&#038;p=17301"},"modified":"2023-11-13T17:00:28","modified_gmt":"2023-11-13T17:00:28","slug":"silla-think-con-reposapies-steelcase","status":"publish","type":"product","link":"https:\/\/ikonisch.pt\/es\/produtos\/silla-think-con-reposapies-steelcase\/","title":{"rendered":"Silla Think con reposapi\u00e9s &#8211; Steelcase"},"content":{"rendered":"<p>Steelcase es una empresa l\u00edder mundial de mobiliario met\u00e1lico con sede en Estados Unidos y fundada en 1912 en Grand Rapids, Michigan. La empresa fabrica mobiliario de oficina y productos arquitect\u00f3nicos y tecnol\u00f3gicos para entornos de oficina y los sectores educativo, sanitario y minorista. Es el mayor fabricante de mobiliario de oficina del mundo. La empresa est\u00e1 presente en unos 80 pa\u00edses y cuenta con 11.000 empleados en todo el mundo.<\/p>\n","protected":false},"excerpt":{"rendered":"<p>Silla giratoria con reposapi\u00e9s, redondeada con respaldo medio. Respaldo en malla 3d y estructura de nylon, asiento con nuevo tapizado en tejido trevira negro. Reposabrazos en 4d. Base de aluminio de 5 radios y sistema de elevaci\u00f3n neum\u00e1tico. Sistema de reclinaci\u00f3n Syncron, asiento y respaldo sincronizados. Regulaci\u00f3n en altura del apoyo lumbar. Ajuste de la profundidad del asiento con reclinaci\u00f3n del respaldo en 4 posiciones.<\/p>\n<p>Atenci\u00f3n: Precio unitario.<\/p>\n","protected":false},"featured_media":17357,"template":"","meta":{"_acf_changed":false,"inline_featured_image":false},"product_brand":[],"product_cat":[691],"product_tag":[831],"class_list":{"0":"post-17301","1":"product","2":"type-product","3":"status-publish","4":"has-post-thumbnail","6":"product_cat-oficina","7":"product_tag-steelcase-es","9":"first","10":"outofstock","11":"shipping-taxable","12":"purchasable","13":"product-type-simple"},"acf":[],"aioseo_notices":[],"_links":{"self":[{"href":"https:\/\/ikonisch.pt\/es\/wp-json\/wp\/v2\/product\/17301","targetHints":{"allow":["GET"]}}],"collection":[{"href":"https:\/\/ikonisch.pt\/es\/wp-json\/wp\/v2\/product"}],"about":[{"href":"https:\/\/ikonisch.pt\/es\/wp-json\/wp\/v2\/types\/product"}],"wp:featuredmedia":[{"embeddable":true,"href":"https:\/\/ikonisch.pt\/es\/wp-json\/wp\/v2\/media\/17357"}],"wp:attachment":[{"href":"https:\/\/ikonisch.pt\/es\/wp-json\/wp\/v2\/media?parent=17301"}],"wp:term":[{"taxonomy":"product_brand","embeddable":true,"href":"https:\/\/ikonisch.pt\/es\/wp-json\/wp\/v2\/product_brand?post=17301"},{"taxonomy":"product_cat","embeddable":true,"href":"https:\/\/ikonisch.pt\/es\/wp-json\/wp\/v2\/product_cat?post=17301"},{"taxonomy":"product_tag","embeddable":true,"href":"https:\/\/ikonisch.pt\/es\/wp-json\/wp\/v2\/product_tag?post=17301"}],"curies":[{"name":"wp","href":"https:\/\/api.w.org\/{rel}","templated":true}]}}