{"id":17413,"date":"2023-11-17T14:56:53","date_gmt":"2023-11-17T14:56:53","guid":{"rendered":"https:\/\/ikonisch.pt\/?post_type=product&#038;p=17413"},"modified":"2023-11-17T15:21:10","modified_gmt":"2023-11-17T15:21:10","slug":"silla-modelo-ea118-vitra","status":"publish","type":"product","link":"https:\/\/ikonisch.pt\/es\/produtos\/silla-modelo-ea118-vitra\/","title":{"rendered":"Silla Modelo EA118 \u2013 Vitra"},"content":{"rendered":"<p>Vitra es una empresa suiza dedicada a mejorar la calidad de hogares, oficinas y espacios p\u00fablicos a trav\u00e9s del poder del dise\u00f1o. Una colecci\u00f3n de Vitra incluye muchos productos ic\u00f3nicos de dise\u00f1adores de renombre mundial, como la Lounge Chair de Ray &amp; Charles Eames y la Phanton Chair, que lleva el nombre del propio Verner Phanton. Los diferentes estilos de la marca demuestran su versatilidad y cada dise\u00f1ador tiene su propia firma de dise\u00f1o.<\/p>\n","protected":false},"excerpt":{"rendered":"<p>La silla giratoria EA 118, de la serie Aluminium Group by Charles and Ray Eames para Vitra, a\u00f1ade una presencia ic\u00f3nica y prestigiosa a toda oficina, al ser una silla que se adapta al cuerpo del usuario y resulta extraordinariamente c\u00f3moda.<br \/>\nSilla de trabajo giratoria de respaldo medio con perfiles laterales, travesa\u00f1os, reposabrazos y base de cinco radios en fundici\u00f3n de aluminio cromado. Asiento y respaldo en tejido Hopsak.<\/p>\n<p>Atenci\u00f3n: Valor unitario.<\/p>\n","protected":false},"featured_media":17416,"template":"","meta":{"_acf_changed":false,"inline_featured_image":false},"product_brand":[],"product_cat":[691],"product_tag":[735,848],"class_list":{"0":"post-17413","1":"product","2":"type-product","3":"status-publish","4":"has-post-thumbnail","6":"product_cat-oficina","7":"product_tag-charles-ray-eames-es","8":"product_tag-vitra-es","10":"first","11":"outofstock","12":"shipping-taxable","13":"purchasable","14":"product-type-simple"},"acf":[],"aioseo_notices":[],"_links":{"self":[{"href":"https:\/\/ikonisch.pt\/es\/wp-json\/wp\/v2\/product\/17413","targetHints":{"allow":["GET"]}}],"collection":[{"href":"https:\/\/ikonisch.pt\/es\/wp-json\/wp\/v2\/product"}],"about":[{"href":"https:\/\/ikonisch.pt\/es\/wp-json\/wp\/v2\/types\/product"}],"wp:featuredmedia":[{"embeddable":true,"href":"https:\/\/ikonisch.pt\/es\/wp-json\/wp\/v2\/media\/17416"}],"wp:attachment":[{"href":"https:\/\/ikonisch.pt\/es\/wp-json\/wp\/v2\/media?parent=17413"}],"wp:term":[{"taxonomy":"product_brand","embeddable":true,"href":"https:\/\/ikonisch.pt\/es\/wp-json\/wp\/v2\/product_brand?post=17413"},{"taxonomy":"product_cat","embeddable":true,"href":"https:\/\/ikonisch.pt\/es\/wp-json\/wp\/v2\/product_cat?post=17413"},{"taxonomy":"product_tag","embeddable":true,"href":"https:\/\/ikonisch.pt\/es\/wp-json\/wp\/v2\/product_tag?post=17413"}],"curies":[{"name":"wp","href":"https:\/\/api.w.org\/{rel}","templated":true}]}}