{"id":17648,"date":"2023-12-07T14:46:11","date_gmt":"2023-12-07T14:46:11","guid":{"rendered":"https:\/\/ikonisch.pt\/?post_type=product&#038;p=17648"},"modified":"2024-02-12T12:34:18","modified_gmt":"2024-02-12T12:34:18","slug":"sofa-monte-carlo-art-leather-s-r-l","status":"publish","type":"product","link":"https:\/\/ikonisch.pt\/es\/produtos\/sofa-monte-carlo-art-leather-s-r-l\/","title":{"rendered":"Sof\u00e1 Monte Carlo &#8211; Art Leather S.r.l."},"content":{"rendered":"","protected":false},"excerpt":{"rendered":"<p>Sof\u00e1 Monte Carlo reacondicionado de la dise\u00f1adora Eeileen Gray fabricado en 2006 por Art Leather S.r.l. Italia. Con su estructura curvada de acero cromado y su revestimiento de cuero natural, esta pieza de referencia del dise\u00f1o del siglo XX refleja la belleza, la suavidad y el dinamismo de su inusual forma, que le confiere equilibrio, balance y exclusividad.<\/p>\n","protected":false},"featured_media":17687,"template":"","meta":{"_acf_changed":false,"inline_featured_image":false},"product_brand":[],"product_cat":[698,697],"product_tag":[1151],"class_list":{"0":"post-17648","1":"product","2":"type-product","3":"status-publish","4":"has-post-thumbnail","6":"product_cat-coleccion-vintage","7":"product_cat-sofas-y-sillones","8":"product_tag-eileen-gray-es","10":"first","11":"outofstock","12":"shipping-taxable","13":"purchasable","14":"product-type-simple"},"acf":[],"aioseo_notices":[],"_links":{"self":[{"href":"https:\/\/ikonisch.pt\/es\/wp-json\/wp\/v2\/product\/17648","targetHints":{"allow":["GET"]}}],"collection":[{"href":"https:\/\/ikonisch.pt\/es\/wp-json\/wp\/v2\/product"}],"about":[{"href":"https:\/\/ikonisch.pt\/es\/wp-json\/wp\/v2\/types\/product"}],"wp:featuredmedia":[{"embeddable":true,"href":"https:\/\/ikonisch.pt\/es\/wp-json\/wp\/v2\/media\/17687"}],"wp:attachment":[{"href":"https:\/\/ikonisch.pt\/es\/wp-json\/wp\/v2\/media?parent=17648"}],"wp:term":[{"taxonomy":"product_brand","embeddable":true,"href":"https:\/\/ikonisch.pt\/es\/wp-json\/wp\/v2\/product_brand?post=17648"},{"taxonomy":"product_cat","embeddable":true,"href":"https:\/\/ikonisch.pt\/es\/wp-json\/wp\/v2\/product_cat?post=17648"},{"taxonomy":"product_tag","embeddable":true,"href":"https:\/\/ikonisch.pt\/es\/wp-json\/wp\/v2\/product_tag?post=17648"}],"curies":[{"name":"wp","href":"https:\/\/api.w.org\/{rel}","templated":true}]}}