{"id":17741,"date":"2023-12-07T15:43:00","date_gmt":"2023-12-07T15:43:00","guid":{"rendered":"https:\/\/ikonisch.pt\/?post_type=product&#038;p=17741"},"modified":"2023-12-07T16:57:07","modified_gmt":"2023-12-07T16:57:07","slug":"sofa-individual-gluon-moroso","status":"publish","type":"product","link":"https:\/\/ikonisch.pt\/es\/produtos\/sofa-individual-gluon-moroso\/","title":{"rendered":"Sof\u00e1 individual Gluon &#8211; Moroso"},"content":{"rendered":"","protected":false},"excerpt":{"rendered":"<p>Sof\u00e1 individual modelo Gluon de Moroso con las t\u00edpicas formas de Marc Newson, futuristas y de otro mundo. El impresionante sill\u00f3n \u00abGluon\u00bb es de acero lacado con estructura firme y patas redondeadas, cada vez m\u00e1s raras que la conocida variante de base giratoria. El barril que sostiene el asiento se eleva y es de poliuretano plateado con un acabado de tela roja. Esta silla tiene una bonita estructura redondeada con un asiento firme y c\u00f3modo. El vac\u00edo en el centro act\u00faa como colch\u00f3n de aire para que resulte c\u00f3moda y ergon\u00f3mica al sentarse.<\/p>\n<p>Atenci\u00f3n: Precio unitario.<\/p>\n","protected":false},"featured_media":17750,"template":"","meta":{"_acf_changed":false,"inline_featured_image":false},"product_brand":[],"product_cat":[697],"product_tag":[802],"class_list":{"0":"post-17741","1":"product","2":"type-product","3":"status-publish","4":"has-post-thumbnail","6":"product_cat-sofas-y-sillones","7":"product_tag-moroso-es","9":"first","10":"outofstock","11":"shipping-taxable","12":"purchasable","13":"product-type-simple"},"acf":[],"aioseo_notices":[],"_links":{"self":[{"href":"https:\/\/ikonisch.pt\/es\/wp-json\/wp\/v2\/product\/17741","targetHints":{"allow":["GET"]}}],"collection":[{"href":"https:\/\/ikonisch.pt\/es\/wp-json\/wp\/v2\/product"}],"about":[{"href":"https:\/\/ikonisch.pt\/es\/wp-json\/wp\/v2\/types\/product"}],"wp:featuredmedia":[{"embeddable":true,"href":"https:\/\/ikonisch.pt\/es\/wp-json\/wp\/v2\/media\/17750"}],"wp:attachment":[{"href":"https:\/\/ikonisch.pt\/es\/wp-json\/wp\/v2\/media?parent=17741"}],"wp:term":[{"taxonomy":"product_brand","embeddable":true,"href":"https:\/\/ikonisch.pt\/es\/wp-json\/wp\/v2\/product_brand?post=17741"},{"taxonomy":"product_cat","embeddable":true,"href":"https:\/\/ikonisch.pt\/es\/wp-json\/wp\/v2\/product_cat?post=17741"},{"taxonomy":"product_tag","embeddable":true,"href":"https:\/\/ikonisch.pt\/es\/wp-json\/wp\/v2\/product_tag?post=17741"}],"curies":[{"name":"wp","href":"https:\/\/api.w.org\/{rel}","templated":true}]}}