{"id":17835,"date":"2023-12-12T15:49:16","date_gmt":"2023-12-12T15:49:17","guid":{"rendered":"https:\/\/ikonisch.pt\/?post_type=product&#038;p=17835"},"modified":"2023-12-12T16:48:48","modified_gmt":"2023-12-12T16:48:48","slug":"silla-sim-vitra","status":"publish","type":"product","link":"https:\/\/ikonisch.pt\/es\/produtos\/silla-sim-vitra\/","title":{"rendered":"Silla Sim &#8211; Vitra"},"content":{"rendered":"<p>Vitra es una empresa suiza dedicada a mejorar la calidad de los hogares, oficinas y espacios p\u00fablicos a trav\u00e9s del poder del dise\u00f1o. Una colecci\u00f3n de Vitra incluye muchos productos ic\u00f3nicos de dise\u00f1adores de renombre mundial, como la Lounge Chair de Ray &amp; Charles Eames y la Phanton Chair, que lleva el nombre del propio Verner Phanton. Los diferentes estilos de la marca demuestran su versatilidad y cada dise\u00f1ador tiene su propia firma de dise\u00f1o.<\/p>\n","protected":false},"excerpt":{"rendered":"<p>La silla apilable Vitra &#8211; modelo Sim combina un dise\u00f1o elegante con una gran calidad de fabricaci\u00f3n y un confort superior. El uso de pl\u00e1stico hace que la silla sea ligera y la construcci\u00f3n abierta y flexible del armaz\u00f3n de acero y el respaldo favorecen un asiento din\u00e1mico y c\u00f3modo que permite un generoso espacio para las piernas.<br \/>\nS\u00ed, es adecuada para una gran variedad de usos, tanto en zonas de cafeter\u00eda de oficinas como en espacios p\u00fablicos y como elegante complemento para el hogar.<br \/>\nLa construcci\u00f3n sencilla y el peso ligero de la silla Sim permiten apilarla de forma f\u00e1cil y compacta. Doce sillas pueden apilarse verticalmente en el suelo y unas 25 en el carro apilador opcional.<\/p>\n<p>Nota: Precio por unidad.<\/p>\n","protected":false},"featured_media":17844,"template":"","meta":{"_acf_changed":false,"inline_featured_image":false},"product_brand":[],"product_cat":[689],"product_tag":[773,848],"class_list":{"0":"post-17835","1":"product","2":"type-product","3":"status-publish","4":"has-post-thumbnail","6":"product_cat-sillas","7":"product_tag-jasper-morrison-es","8":"product_tag-vitra-es","10":"first","11":"outofstock","12":"shipping-taxable","13":"purchasable","14":"product-type-simple"},"acf":[],"aioseo_notices":[],"_links":{"self":[{"href":"https:\/\/ikonisch.pt\/es\/wp-json\/wp\/v2\/product\/17835","targetHints":{"allow":["GET"]}}],"collection":[{"href":"https:\/\/ikonisch.pt\/es\/wp-json\/wp\/v2\/product"}],"about":[{"href":"https:\/\/ikonisch.pt\/es\/wp-json\/wp\/v2\/types\/product"}],"wp:featuredmedia":[{"embeddable":true,"href":"https:\/\/ikonisch.pt\/es\/wp-json\/wp\/v2\/media\/17844"}],"wp:attachment":[{"href":"https:\/\/ikonisch.pt\/es\/wp-json\/wp\/v2\/media?parent=17835"}],"wp:term":[{"taxonomy":"product_brand","embeddable":true,"href":"https:\/\/ikonisch.pt\/es\/wp-json\/wp\/v2\/product_brand?post=17835"},{"taxonomy":"product_cat","embeddable":true,"href":"https:\/\/ikonisch.pt\/es\/wp-json\/wp\/v2\/product_cat?post=17835"},{"taxonomy":"product_tag","embeddable":true,"href":"https:\/\/ikonisch.pt\/es\/wp-json\/wp\/v2\/product_tag?post=17835"}],"curies":[{"name":"wp","href":"https:\/\/api.w.org\/{rel}","templated":true}]}}