{"id":18102,"date":"2023-12-26T16:36:42","date_gmt":"2023-12-26T16:36:42","guid":{"rendered":"https:\/\/ikonisch.pt\/?post_type=product&#038;p=18102"},"modified":"2024-02-15T13:37:12","modified_gmt":"2024-02-15T13:37:12","slug":"base-de-mesa-segmented-vitra-copia","status":"publish","type":"product","link":"https:\/\/ikonisch.pt\/es\/produtos\/base-de-mesa-segmented-vitra-copia\/","title":{"rendered":"Base de Mesa Segmented Large &#8211; Vitra"},"content":{"rendered":"","protected":false},"excerpt":{"rendered":"<p>Estructura de mesa reacondicionada en excelente estado, dise\u00f1ada por Charles y Ray Eames y fabricada por Vitra, este modelo Segmented large soporta un tablero \u00fanico especial o 2 tableros chapados en madera natural o melanina que pueden utilizarse de forma vers\u00e1til como mesa de trabajo, reuni\u00f3n o comedor. Estructura tripartita de seis radios en aluminio y travesa\u00f1os de acero cromado.<\/p>\n<p>Disponemos de varias soluciones para los tableros de esta mesa, desde el tablero chapado original hasta tableros personalizados.<\/p>\n<p>Dimensiones de la base : 3000 x 975 x 710mm<\/p>\n<p>Dimensiones con tablero : 3600 x 1300 x 750mm<\/p>\n","protected":false},"featured_media":18108,"template":"","meta":{"_acf_changed":false,"inline_featured_image":false},"product_brand":[],"product_cat":[694,691],"product_tag":[735,848],"class_list":{"0":"post-18102","1":"product","2":"type-product","3":"status-publish","4":"has-post-thumbnail","6":"product_cat-mesas-es","7":"product_cat-oficina","8":"product_tag-charles-ray-eames-es","9":"product_tag-vitra-es","11":"first","12":"outofstock","13":"shipping-taxable","14":"purchasable","15":"product-type-simple"},"acf":[],"aioseo_notices":[],"_links":{"self":[{"href":"https:\/\/ikonisch.pt\/es\/wp-json\/wp\/v2\/product\/18102","targetHints":{"allow":["GET"]}}],"collection":[{"href":"https:\/\/ikonisch.pt\/es\/wp-json\/wp\/v2\/product"}],"about":[{"href":"https:\/\/ikonisch.pt\/es\/wp-json\/wp\/v2\/types\/product"}],"wp:featuredmedia":[{"embeddable":true,"href":"https:\/\/ikonisch.pt\/es\/wp-json\/wp\/v2\/media\/18108"}],"wp:attachment":[{"href":"https:\/\/ikonisch.pt\/es\/wp-json\/wp\/v2\/media?parent=18102"}],"wp:term":[{"taxonomy":"product_brand","embeddable":true,"href":"https:\/\/ikonisch.pt\/es\/wp-json\/wp\/v2\/product_brand?post=18102"},{"taxonomy":"product_cat","embeddable":true,"href":"https:\/\/ikonisch.pt\/es\/wp-json\/wp\/v2\/product_cat?post=18102"},{"taxonomy":"product_tag","embeddable":true,"href":"https:\/\/ikonisch.pt\/es\/wp-json\/wp\/v2\/product_tag?post=18102"}],"curies":[{"name":"wp","href":"https:\/\/api.w.org\/{rel}","templated":true}]}}