{"id":18343,"date":"2024-01-12T11:49:01","date_gmt":"2024-01-12T11:49:01","guid":{"rendered":"https:\/\/ikonisch.pt\/?post_type=product&#038;p=18343"},"modified":"2024-02-15T10:47:28","modified_gmt":"2024-02-15T10:47:28","slug":"sofatriplemetropolitan-es","status":"publish","type":"product","link":"https:\/\/ikonisch.pt\/es\/produtos\/sofatriplemetropolitan-es\/","title":{"rendered":"Sofa triplo Metropolitan &#8211; Poliform"},"content":{"rendered":"","protected":false},"excerpt":{"rendered":"<p>Sof\u00e1 triple acabado en piel natural en color Metropolitan de Poliform. Por su volumen y forma, este sof\u00e1 capta la atenci\u00f3n por su dise\u00f1o muy sutil, despojado de todo lo innecesario. La combinaci\u00f3n de su m\u00ednima estructura de aluminio y su generoso acolchado en la parte superior hacen del Metropolitan una elecci\u00f3n verdaderamente inspirada para un espacio de ocio con una definici\u00f3n de refinamiento y bienestar en una zona de estar.<\/p>\n","protected":false},"featured_media":18752,"template":"","meta":{"_acf_changed":false,"inline_featured_image":false},"product_brand":[],"product_cat":[697],"product_tag":[1105,1104],"class_list":{"0":"post-18343","1":"product","2":"type-product","3":"status-publish","4":"has-post-thumbnail","6":"product_cat-sofas-y-sillones","7":"product_tag-jean-marie-massaud-es","8":"product_tag-poliform-es","10":"first","11":"outofstock","12":"shipping-taxable","13":"purchasable","14":"product-type-simple"},"acf":[],"aioseo_notices":[],"_links":{"self":[{"href":"https:\/\/ikonisch.pt\/es\/wp-json\/wp\/v2\/product\/18343","targetHints":{"allow":["GET"]}}],"collection":[{"href":"https:\/\/ikonisch.pt\/es\/wp-json\/wp\/v2\/product"}],"about":[{"href":"https:\/\/ikonisch.pt\/es\/wp-json\/wp\/v2\/types\/product"}],"wp:featuredmedia":[{"embeddable":true,"href":"https:\/\/ikonisch.pt\/es\/wp-json\/wp\/v2\/media\/18752"}],"wp:attachment":[{"href":"https:\/\/ikonisch.pt\/es\/wp-json\/wp\/v2\/media?parent=18343"}],"wp:term":[{"taxonomy":"product_brand","embeddable":true,"href":"https:\/\/ikonisch.pt\/es\/wp-json\/wp\/v2\/product_brand?post=18343"},{"taxonomy":"product_cat","embeddable":true,"href":"https:\/\/ikonisch.pt\/es\/wp-json\/wp\/v2\/product_cat?post=18343"},{"taxonomy":"product_tag","embeddable":true,"href":"https:\/\/ikonisch.pt\/es\/wp-json\/wp\/v2\/product_tag?post=18343"}],"curies":[{"name":"wp","href":"https:\/\/api.w.org\/{rel}","templated":true}]}}