{"id":18346,"date":"2024-01-12T15:28:23","date_gmt":"2024-01-12T15:28:24","guid":{"rendered":"https:\/\/ikonisch.pt\/?post_type=product&#038;p=18346"},"modified":"2024-07-04T15:37:25","modified_gmt":"2024-07-04T15:37:25","slug":"altamira-es","status":"publish","type":"product","link":"https:\/\/ikonisch.pt\/es\/produtos\/altamira-es\/","title":{"rendered":"Escritorio de direcci\u00f3n Altamira"},"content":{"rendered":"","protected":false},"excerpt":{"rendered":"<p>Escritorio de direcci\u00f3n desarrollado y producido por \u00abAltamira\u00bb en la d\u00e9cada de 1980 con dos m\u00f3dulos laterales articulados, uno con 2 cajones de tama\u00f1o A4 y el segundo m\u00f3dulo m\u00e1s largo de doble cara con 4 cajones A4 y un peque\u00f1o armario de apoyo con puertas correderas de cristal en la parte delantera. Tableros del escritorio (4 cm) y m\u00f3dulos articulados de madera natural, con una estructura de tubos de acero cromado unidos por una estructura de hierro fundido para sostener las tres piezas. Las llaves de los cajones no est\u00e1n disponibles.<\/p>\n<p>Escritorio completamente reacondicionado.<\/p>\n<p>Dimensiones del tablero: 200x90cm y 4cm de grosor<br \/>\nAltura de la mesa: 79cm<br \/>\nDimensiones de los m\u00f3dulos abatibles: 150x45cm y 65x45cm.<\/p>\n","protected":false},"featured_media":19649,"template":"","meta":{"_acf_changed":false,"inline_featured_image":false},"product_brand":[],"product_cat":[694,691],"product_tag":[],"class_list":{"0":"post-18346","1":"product","2":"type-product","3":"status-publish","4":"has-post-thumbnail","6":"product_cat-mesas-es","7":"product_cat-oficina","9":"first","10":"outofstock","11":"shipping-taxable","12":"purchasable","13":"product-type-simple"},"acf":[],"aioseo_notices":[],"_links":{"self":[{"href":"https:\/\/ikonisch.pt\/es\/wp-json\/wp\/v2\/product\/18346","targetHints":{"allow":["GET"]}}],"collection":[{"href":"https:\/\/ikonisch.pt\/es\/wp-json\/wp\/v2\/product"}],"about":[{"href":"https:\/\/ikonisch.pt\/es\/wp-json\/wp\/v2\/types\/product"}],"wp:featuredmedia":[{"embeddable":true,"href":"https:\/\/ikonisch.pt\/es\/wp-json\/wp\/v2\/media\/19649"}],"wp:attachment":[{"href":"https:\/\/ikonisch.pt\/es\/wp-json\/wp\/v2\/media?parent=18346"}],"wp:term":[{"taxonomy":"product_brand","embeddable":true,"href":"https:\/\/ikonisch.pt\/es\/wp-json\/wp\/v2\/product_brand?post=18346"},{"taxonomy":"product_cat","embeddable":true,"href":"https:\/\/ikonisch.pt\/es\/wp-json\/wp\/v2\/product_cat?post=18346"},{"taxonomy":"product_tag","embeddable":true,"href":"https:\/\/ikonisch.pt\/es\/wp-json\/wp\/v2\/product_tag?post=18346"}],"curies":[{"name":"wp","href":"https:\/\/api.w.org\/{rel}","templated":true}]}}